{"id":306,"date":"2020-02-07T14:30:56","date_gmt":"2020-02-07T14:30:56","guid":{"rendered":"http:\/\/192.168.1.111\/?page_id=306"},"modified":"2020-02-07T14:31:09","modified_gmt":"2020-02-07T14:31:09","slug":"comunion-hector-gonzalez-casas","status":"publish","type":"page","link":"https:\/\/adriansediles.es\/?page_id=306","title":{"rendered":"Comuni\u00f3n H\u00e9ctor Gonz\u00e1lez Casas"},"content":{"rendered":"\t\t<div data-elementor-type=\"wp-page\" data-elementor-id=\"306\" class=\"elementor elementor-306\">\n\t\t\t\t\t\t<section class=\"elementor-section elementor-top-section elementor-element elementor-element-6b14d2e elementor-section-boxed elementor-section-height-default elementor-section-height-default\" data-id=\"6b14d2e\" data-element_type=\"section\" data-e-type=\"section\">\n\t\t\t\t\t\t<div class=\"elementor-container elementor-column-gap-default\">\n\t\t\t\t\t<div class=\"elementor-column elementor-col-100 elementor-top-column elementor-element elementor-element-48417cf\" data-id=\"48417cf\" data-element_type=\"column\" data-e-type=\"column\">\n\t\t\t<div class=\"elementor-widget-wrap elementor-element-populated\">\n\t\t\t\t\t\t<div class=\"elementor-element elementor-element-05732c4 elementor-widget elementor-widget-image-gallery\" data-id=\"05732c4\" data-element_type=\"widget\" data-e-type=\"widget\" data-widget_type=\"image-gallery.default\">\n\t\t\t\t<div class=\"elementor-widget-container\">\n\t\t\t\t\t\t\t<div class=\"elementor-image-gallery\">\n\t\t\t<div id='gallery-1' class='gallery galleryid-306 gallery-columns-3 gallery-size-medium'><figure class='gallery-item'>\n\t\t\t<div class='gallery-icon landscape'>\n\t\t\t\t<a data-elementor-open-lightbox=\"yes\" data-elementor-lightbox-slideshow=\"05732c4\" data-elementor-lightbox-title=\"Comuni\u00f3n Hector Casas Gonzalez - Adrian Sediles Embi\" data-elementor-lightbox-description=\"Comuni\u00f3n Hector Casas Gonzalez - Adrian Sediles Embi\" data-e-action-hash=\"#elementor-action%3Aaction%3Dlightbox%26settings%3DeyJpZCI6MzA4LCJ1cmwiOiJodHRwczpcL1wvYWRyaWFuc2VkaWxlcy5lc1wvd3AtY29udGVudFwvdXBsb2Fkc1wvMjAyMFwvMDJcLzEuanBnIiwic2xpZGVzaG93IjoiMDU3MzJjNCJ9\" href='https:\/\/adriansediles.es\/wp-content\/uploads\/2020\/02\/1.jpg'><img fetchpriority=\"high\" decoding=\"async\" width=\"300\" height=\"200\" src=\"https:\/\/adriansediles.es\/wp-content\/uploads\/2020\/02\/1-300x200.jpg\" class=\"attachment-medium size-medium\" alt=\"Comuni\u00f3n Hector Casas Gonzalez - Adrian Sediles Embi\" aria-describedby=\"gallery-1-308\" srcset=\"https:\/\/adriansediles.es\/wp-content\/uploads\/2020\/02\/1-300x200.jpg 300w, https:\/\/adriansediles.es\/wp-content\/uploads\/2020\/02\/1-768x512.jpg 768w, https:\/\/adriansediles.es\/wp-content\/uploads\/2020\/02\/1-666x444.jpg 666w, https:\/\/adriansediles.es\/wp-content\/uploads\/2020\/02\/1.jpg 864w\" sizes=\"(max-width: 300px) 100vw, 300px\" \/><\/a>\n\t\t\t<\/div>\n\t\t\t\t<figcaption class='wp-caption-text gallery-caption' id='gallery-1-308'>\n\t\t\t\tComuni\u00f3n Hector Casas Gonzalez \n\t\t\t\t<\/figcaption><\/figure><figure class='gallery-item'>\n\t\t\t<div class='gallery-icon landscape'>\n\t\t\t\t<a data-elementor-open-lightbox=\"yes\" data-elementor-lightbox-slideshow=\"05732c4\" data-elementor-lightbox-title=\"Comuni\u00f3n Hector Casas Gonzalez - Adrian Sediles Embi\" data-elementor-lightbox-description=\"Comuni\u00f3n Hector Casas Gonzalez - Adrian Sediles Embi\" data-e-action-hash=\"#elementor-action%3Aaction%3Dlightbox%26settings%3DeyJpZCI6MzExLCJ1cmwiOiJodHRwczpcL1wvYWRyaWFuc2VkaWxlcy5lc1wvd3AtY29udGVudFwvdXBsb2Fkc1wvMjAyMFwvMDJcLzE1LmpwZyIsInNsaWRlc2hvdyI6IjA1NzMyYzQifQ%3D%3D\" href='https:\/\/adriansediles.es\/wp-content\/uploads\/2020\/02\/15.jpg'><img decoding=\"async\" width=\"300\" height=\"200\" src=\"https:\/\/adriansediles.es\/wp-content\/uploads\/2020\/02\/15-300x200.jpg\" class=\"attachment-medium size-medium\" alt=\"Comuni\u00f3n Hector Casas Gonzalez - Adrian Sediles Embi\" aria-describedby=\"gallery-1-311\" srcset=\"https:\/\/adriansediles.es\/wp-content\/uploads\/2020\/02\/15-300x200.jpg 300w, https:\/\/adriansediles.es\/wp-content\/uploads\/2020\/02\/15-768x512.jpg 768w, https:\/\/adriansediles.es\/wp-content\/uploads\/2020\/02\/15-666x444.jpg 666w, https:\/\/adriansediles.es\/wp-content\/uploads\/2020\/02\/15.jpg 864w\" sizes=\"(max-width: 300px) 100vw, 300px\" \/><\/a>\n\t\t\t<\/div>\n\t\t\t\t<figcaption class='wp-caption-text gallery-caption' id='gallery-1-311'>\n\t\t\t\tComuni\u00f3n Hector Casas Gonzalez \n\t\t\t\t<\/figcaption><\/figure><figure class='gallery-item'>\n\t\t\t<div class='gallery-icon landscape'>\n\t\t\t\t<a data-elementor-open-lightbox=\"yes\" data-elementor-lightbox-slideshow=\"05732c4\" data-elementor-lightbox-title=\"Comuni\u00f3n Hector Casas Gonzalez - Adrian Sediles Embi\" data-elementor-lightbox-description=\"Comuni\u00f3n Hector Casas Gonzalez - Adrian Sediles Embi\" data-e-action-hash=\"#elementor-action%3Aaction%3Dlightbox%26settings%3DeyJpZCI6MzA5LCJ1cmwiOiJodHRwczpcL1wvYWRyaWFuc2VkaWxlcy5lc1wvd3AtY29udGVudFwvdXBsb2Fkc1wvMjAyMFwvMDJcLzUuanBnIiwic2xpZGVzaG93IjoiMDU3MzJjNCJ9\" href='https:\/\/adriansediles.es\/wp-content\/uploads\/2020\/02\/5.jpg'><img decoding=\"async\" width=\"300\" height=\"200\" src=\"https:\/\/adriansediles.es\/wp-content\/uploads\/2020\/02\/5-300x200.jpg\" class=\"attachment-medium size-medium\" alt=\"Comuni\u00f3n Hector Casas Gonzalez - Adrian Sediles Embi\" aria-describedby=\"gallery-1-309\" srcset=\"https:\/\/adriansediles.es\/wp-content\/uploads\/2020\/02\/5-300x200.jpg 300w, https:\/\/adriansediles.es\/wp-content\/uploads\/2020\/02\/5-768x512.jpg 768w, https:\/\/adriansediles.es\/wp-content\/uploads\/2020\/02\/5-666x444.jpg 666w, https:\/\/adriansediles.es\/wp-content\/uploads\/2020\/02\/5.jpg 864w\" sizes=\"(max-width: 300px) 100vw, 300px\" \/><\/a>\n\t\t\t<\/div>\n\t\t\t\t<figcaption class='wp-caption-text gallery-caption' id='gallery-1-309'>\n\t\t\t\tComuni\u00f3n Hector Casas Gonzalez \n\t\t\t\t<\/figcaption><\/figure><figure class='gallery-item'>\n\t\t\t<div class='gallery-icon landscape'>\n\t\t\t\t<a data-elementor-open-lightbox=\"yes\" data-elementor-lightbox-slideshow=\"05732c4\" data-elementor-lightbox-title=\"Comuni\u00f3n Hector Casas Gonzalez - Adrian Sediles Embi\" data-elementor-lightbox-description=\"Comuni\u00f3n Hector Casas Gonzalez - Adrian Sediles Embi\" data-e-action-hash=\"#elementor-action%3Aaction%3Dlightbox%26settings%3DeyJpZCI6MzE2LCJ1cmwiOiJodHRwczpcL1wvYWRyaWFuc2VkaWxlcy5lc1wvd3AtY29udGVudFwvdXBsb2Fkc1wvMjAyMFwvMDJcLzI2LmpwZyIsInNsaWRlc2hvdyI6IjA1NzMyYzQifQ%3D%3D\" href='https:\/\/adriansediles.es\/wp-content\/uploads\/2020\/02\/26.jpg'><img loading=\"lazy\" decoding=\"async\" width=\"300\" height=\"200\" src=\"https:\/\/adriansediles.es\/wp-content\/uploads\/2020\/02\/26-300x200.jpg\" class=\"attachment-medium size-medium\" alt=\"Comuni\u00f3n Hector Casas Gonzalez - Adrian Sediles Embi\" aria-describedby=\"gallery-1-316\" srcset=\"https:\/\/adriansediles.es\/wp-content\/uploads\/2020\/02\/26-300x200.jpg 300w, https:\/\/adriansediles.es\/wp-content\/uploads\/2020\/02\/26-768x512.jpg 768w, https:\/\/adriansediles.es\/wp-content\/uploads\/2020\/02\/26-666x444.jpg 666w, https:\/\/adriansediles.es\/wp-content\/uploads\/2020\/02\/26.jpg 864w\" sizes=\"(max-width: 300px) 100vw, 300px\" \/><\/a>\n\t\t\t<\/div>\n\t\t\t\t<figcaption class='wp-caption-text gallery-caption' id='gallery-1-316'>\n\t\t\t\tComuni\u00f3n Hector Casas Gonzalez \n\t\t\t\t<\/figcaption><\/figure><figure class='gallery-item'>\n\t\t\t<div class='gallery-icon landscape'>\n\t\t\t\t<a data-elementor-open-lightbox=\"yes\" data-elementor-lightbox-slideshow=\"05732c4\" data-elementor-lightbox-title=\"Comuni\u00f3n Hector Casas Gonzalez - Adrian Sediles Embi\" data-elementor-lightbox-description=\"Comuni\u00f3n Hector Casas Gonzalez - Adrian Sediles Embi\" data-e-action-hash=\"#elementor-action%3Aaction%3Dlightbox%26settings%3DeyJpZCI6MzEwLCJ1cmwiOiJodHRwczpcL1wvYWRyaWFuc2VkaWxlcy5lc1wvd3AtY29udGVudFwvdXBsb2Fkc1wvMjAyMFwvMDJcLzE0LmpwZyIsInNsaWRlc2hvdyI6IjA1NzMyYzQifQ%3D%3D\" href='https:\/\/adriansediles.es\/wp-content\/uploads\/2020\/02\/14.jpg'><img loading=\"lazy\" decoding=\"async\" width=\"300\" height=\"200\" src=\"https:\/\/adriansediles.es\/wp-content\/uploads\/2020\/02\/14-300x200.jpg\" class=\"attachment-medium size-medium\" alt=\"Comuni\u00f3n Hector Casas Gonzalez - Adrian Sediles Embi\" aria-describedby=\"gallery-1-310\" srcset=\"https:\/\/adriansediles.es\/wp-content\/uploads\/2020\/02\/14-300x200.jpg 300w, https:\/\/adriansediles.es\/wp-content\/uploads\/2020\/02\/14-768x512.jpg 768w, https:\/\/adriansediles.es\/wp-content\/uploads\/2020\/02\/14-666x444.jpg 666w, https:\/\/adriansediles.es\/wp-content\/uploads\/2020\/02\/14.jpg 864w\" sizes=\"(max-width: 300px) 100vw, 300px\" \/><\/a>\n\t\t\t<\/div>\n\t\t\t\t<figcaption class='wp-caption-text gallery-caption' id='gallery-1-310'>\n\t\t\t\tComuni\u00f3n Hector Casas Gonzalez \n\t\t\t\t<\/figcaption><\/figure><figure class='gallery-item'>\n\t\t\t<div class='gallery-icon portrait'>\n\t\t\t\t<a data-elementor-open-lightbox=\"yes\" data-elementor-lightbox-slideshow=\"05732c4\" data-elementor-lightbox-title=\"Comunion-Hector-Casas-Gonzalez-10-Adrian-Sediles-Embi\" data-elementor-lightbox-description=\"Comuni\u00f3n Hector Casas Gonzalez - Adrian Sediles Embi\" data-e-action-hash=\"#elementor-action%3Aaction%3Dlightbox%26settings%3DeyJpZCI6MzIxLCJ1cmwiOiJodHRwczpcL1wvYWRyaWFuc2VkaWxlcy5lc1wvd3AtY29udGVudFwvdXBsb2Fkc1wvMjAyMFwvMDJcL0NvbXVuaW9uLUhlY3Rvci1DYXNhcy1Hb256YWxlei0xMC1BZHJpYW4tU2VkaWxlcy1FbWJpLmpwZyIsInNsaWRlc2hvdyI6IjA1NzMyYzQifQ%3D%3D\" href='https:\/\/adriansediles.es\/wp-content\/uploads\/2020\/02\/Comunion-Hector-Casas-Gonzalez-10-Adrian-Sediles-Embi.jpg'><img loading=\"lazy\" decoding=\"async\" width=\"200\" height=\"300\" src=\"https:\/\/adriansediles.es\/wp-content\/uploads\/2020\/02\/Comunion-Hector-Casas-Gonzalez-10-Adrian-Sediles-Embi-200x300.jpg\" class=\"attachment-medium size-medium\" alt=\"Comuni\u00f3n Hector Casas Gonzalez - Adrian Sediles Embi\" aria-describedby=\"gallery-1-321\" srcset=\"https:\/\/adriansediles.es\/wp-content\/uploads\/2020\/02\/Comunion-Hector-Casas-Gonzalez-10-Adrian-Sediles-Embi-200x300.jpg 200w, https:\/\/adriansediles.es\/wp-content\/uploads\/2020\/02\/Comunion-Hector-Casas-Gonzalez-10-Adrian-Sediles-Embi.jpg 576w\" sizes=\"(max-width: 200px) 100vw, 200px\" \/><\/a>\n\t\t\t<\/div>\n\t\t\t\t<figcaption class='wp-caption-text gallery-caption' id='gallery-1-321'>\n\t\t\t\tComuni\u00f3n Hector Casas Gonzalez \n\t\t\t\t<\/figcaption><\/figure><figure class='gallery-item'>\n\t\t\t<div class='gallery-icon portrait'>\n\t\t\t\t<a data-elementor-open-lightbox=\"yes\" data-elementor-lightbox-slideshow=\"05732c4\" data-elementor-lightbox-title=\"Comuni\u00f3n Hector Casas Gonzalez - Adrian Sediles Embi\" data-elementor-lightbox-description=\"Comuni\u00f3n Hector Casas Gonzalez - Adrian Sediles Embi\" data-e-action-hash=\"#elementor-action%3Aaction%3Dlightbox%26settings%3DeyJpZCI6MzEyLCJ1cmwiOiJodHRwczpcL1wvYWRyaWFuc2VkaWxlcy5lc1wvd3AtY29udGVudFwvdXBsb2Fkc1wvMjAyMFwvMDJcLzE2LmpwZyIsInNsaWRlc2hvdyI6IjA1NzMyYzQifQ%3D%3D\" href='https:\/\/adriansediles.es\/wp-content\/uploads\/2020\/02\/16.jpg'><img loading=\"lazy\" decoding=\"async\" width=\"200\" height=\"300\" src=\"https:\/\/adriansediles.es\/wp-content\/uploads\/2020\/02\/16-200x300.jpg\" class=\"attachment-medium size-medium\" alt=\"Comuni\u00f3n Hector Casas Gonzalez - Adrian Sediles Embi\" aria-describedby=\"gallery-1-312\" srcset=\"https:\/\/adriansediles.es\/wp-content\/uploads\/2020\/02\/16-200x300.jpg 200w, https:\/\/adriansediles.es\/wp-content\/uploads\/2020\/02\/16.jpg 576w\" sizes=\"(max-width: 200px) 100vw, 200px\" \/><\/a>\n\t\t\t<\/div>\n\t\t\t\t<figcaption class='wp-caption-text gallery-caption' id='gallery-1-312'>\n\t\t\t\tComuni\u00f3n Hector Casas Gonzalez \n\t\t\t\t<\/figcaption><\/figure><figure class='gallery-item'>\n\t\t\t<div class='gallery-icon portrait'>\n\t\t\t\t<a data-elementor-open-lightbox=\"yes\" data-elementor-lightbox-slideshow=\"05732c4\" data-elementor-lightbox-title=\"Comuni\u00f3n Hector Casas Gonzalez - Adrian Sediles Embi\" data-elementor-lightbox-description=\"Comuni\u00f3n Hector Casas Gonzalez - Adrian Sediles Embi\" data-e-action-hash=\"#elementor-action%3Aaction%3Dlightbox%26settings%3DeyJpZCI6MzE0LCJ1cmwiOiJodHRwczpcL1wvYWRyaWFuc2VkaWxlcy5lc1wvd3AtY29udGVudFwvdXBsb2Fkc1wvMjAyMFwvMDJcLzIxLmpwZyIsInNsaWRlc2hvdyI6IjA1NzMyYzQifQ%3D%3D\" href='https:\/\/adriansediles.es\/wp-content\/uploads\/2020\/02\/21.jpg'><img loading=\"lazy\" decoding=\"async\" width=\"200\" height=\"300\" src=\"https:\/\/adriansediles.es\/wp-content\/uploads\/2020\/02\/21-200x300.jpg\" class=\"attachment-medium size-medium\" alt=\"Comuni\u00f3n Hector Casas Gonzalez - Adrian Sediles Embi\" aria-describedby=\"gallery-1-314\" srcset=\"https:\/\/adriansediles.es\/wp-content\/uploads\/2020\/02\/21-200x300.jpg 200w, https:\/\/adriansediles.es\/wp-content\/uploads\/2020\/02\/21.jpg 576w\" sizes=\"(max-width: 200px) 100vw, 200px\" \/><\/a>\n\t\t\t<\/div>\n\t\t\t\t<figcaption class='wp-caption-text gallery-caption' id='gallery-1-314'>\n\t\t\t\tComuni\u00f3n Hector Casas Gonzalez \n\t\t\t\t<\/figcaption><\/figure><figure class='gallery-item'>\n\t\t\t<div class='gallery-icon landscape'>\n\t\t\t\t<a data-elementor-open-lightbox=\"yes\" data-elementor-lightbox-slideshow=\"05732c4\" data-elementor-lightbox-title=\"Comuni\u00f3n Hector Casas Gonzalez - Adrian Sediles Embi\" data-elementor-lightbox-description=\"Comuni\u00f3n Hector Casas Gonzalez - Adrian Sediles Embi\" data-e-action-hash=\"#elementor-action%3Aaction%3Dlightbox%26settings%3DeyJpZCI6MzE1LCJ1cmwiOiJodHRwczpcL1wvYWRyaWFuc2VkaWxlcy5lc1wvd3AtY29udGVudFwvdXBsb2Fkc1wvMjAyMFwvMDJcLzI0LmpwZyIsInNsaWRlc2hvdyI6IjA1NzMyYzQifQ%3D%3D\" href='https:\/\/adriansediles.es\/wp-content\/uploads\/2020\/02\/24.jpg'><img loading=\"lazy\" decoding=\"async\" width=\"300\" height=\"200\" src=\"https:\/\/adriansediles.es\/wp-content\/uploads\/2020\/02\/24-300x200.jpg\" class=\"attachment-medium size-medium\" alt=\"Comuni\u00f3n Hector Casas Gonzalez - Adrian Sediles Embi\" aria-describedby=\"gallery-1-315\" srcset=\"https:\/\/adriansediles.es\/wp-content\/uploads\/2020\/02\/24-300x200.jpg 300w, https:\/\/adriansediles.es\/wp-content\/uploads\/2020\/02\/24-768x512.jpg 768w, https:\/\/adriansediles.es\/wp-content\/uploads\/2020\/02\/24-666x444.jpg 666w, https:\/\/adriansediles.es\/wp-content\/uploads\/2020\/02\/24.jpg 864w\" sizes=\"(max-width: 300px) 100vw, 300px\" \/><\/a>\n\t\t\t<\/div>\n\t\t\t\t<figcaption class='wp-caption-text gallery-caption' id='gallery-1-315'>\n\t\t\t\tComuni\u00f3n Hector Casas Gonzalez \n\t\t\t\t<\/figcaption><\/figure><figure class='gallery-item'>\n\t\t\t<div class='gallery-icon landscape'>\n\t\t\t\t<a data-elementor-open-lightbox=\"yes\" data-elementor-lightbox-slideshow=\"05732c4\" data-elementor-lightbox-title=\"Comuni\u00f3n Hector Casas Gonzalez - Adrian Sediles Embi\" data-elementor-lightbox-description=\"Comuni\u00f3n Hector Casas Gonzalez - Adrian Sediles Embi\" data-e-action-hash=\"#elementor-action%3Aaction%3Dlightbox%26settings%3DeyJpZCI6MzE3LCJ1cmwiOiJodHRwczpcL1wvYWRyaWFuc2VkaWxlcy5lc1wvd3AtY29udGVudFwvdXBsb2Fkc1wvMjAyMFwvMDJcLzMxLmpwZyIsInNsaWRlc2hvdyI6IjA1NzMyYzQifQ%3D%3D\" href='https:\/\/adriansediles.es\/wp-content\/uploads\/2020\/02\/31.jpg'><img loading=\"lazy\" decoding=\"async\" width=\"300\" height=\"200\" src=\"https:\/\/adriansediles.es\/wp-content\/uploads\/2020\/02\/31-300x200.jpg\" class=\"attachment-medium size-medium\" alt=\"Comuni\u00f3n Hector Casas Gonzalez - Adrian Sediles Embi\" aria-describedby=\"gallery-1-317\" srcset=\"https:\/\/adriansediles.es\/wp-content\/uploads\/2020\/02\/31-300x200.jpg 300w, https:\/\/adriansediles.es\/wp-content\/uploads\/2020\/02\/31-768x512.jpg 768w, https:\/\/adriansediles.es\/wp-content\/uploads\/2020\/02\/31-666x444.jpg 666w, https:\/\/adriansediles.es\/wp-content\/uploads\/2020\/02\/31.jpg 864w\" sizes=\"(max-width: 300px) 100vw, 300px\" \/><\/a>\n\t\t\t<\/div>\n\t\t\t\t<figcaption class='wp-caption-text gallery-caption' id='gallery-1-317'>\n\t\t\t\tComuni\u00f3n Hector Casas Gonzalez \n\t\t\t\t<\/figcaption><\/figure><figure class='gallery-item'>\n\t\t\t<div class='gallery-icon landscape'>\n\t\t\t\t<a data-elementor-open-lightbox=\"yes\" data-elementor-lightbox-slideshow=\"05732c4\" data-elementor-lightbox-title=\"Comuni\u00f3n Hector Casas Gonzalez - Adrian Sediles Embi\" data-elementor-lightbox-description=\"Comuni\u00f3n Hector Casas Gonzalez - Adrian Sediles Embi\" data-e-action-hash=\"#elementor-action%3Aaction%3Dlightbox%26settings%3DeyJpZCI6MzE4LCJ1cmwiOiJodHRwczpcL1wvYWRyaWFuc2VkaWxlcy5lc1wvd3AtY29udGVudFwvdXBsb2Fkc1wvMjAyMFwvMDJcLzMzLTEuanBnIiwic2xpZGVzaG93IjoiMDU3MzJjNCJ9\" href='https:\/\/adriansediles.es\/wp-content\/uploads\/2020\/02\/33-1.jpg'><img loading=\"lazy\" decoding=\"async\" width=\"300\" height=\"200\" src=\"https:\/\/adriansediles.es\/wp-content\/uploads\/2020\/02\/33-1-300x200.jpg\" class=\"attachment-medium size-medium\" alt=\"Comuni\u00f3n Hector Casas Gonzalez - Adrian Sediles Embi\" aria-describedby=\"gallery-1-318\" srcset=\"https:\/\/adriansediles.es\/wp-content\/uploads\/2020\/02\/33-1-300x200.jpg 300w, https:\/\/adriansediles.es\/wp-content\/uploads\/2020\/02\/33-1-768x512.jpg 768w, https:\/\/adriansediles.es\/wp-content\/uploads\/2020\/02\/33-1-666x444.jpg 666w, https:\/\/adriansediles.es\/wp-content\/uploads\/2020\/02\/33-1.jpg 864w\" sizes=\"(max-width: 300px) 100vw, 300px\" \/><\/a>\n\t\t\t<\/div>\n\t\t\t\t<figcaption class='wp-caption-text gallery-caption' id='gallery-1-318'>\n\t\t\t\tComuni\u00f3n Hector Casas Gonzalez \n\t\t\t\t<\/figcaption><\/figure><figure class='gallery-item'>\n\t\t\t<div class='gallery-icon landscape'>\n\t\t\t\t<a data-elementor-open-lightbox=\"yes\" data-elementor-lightbox-slideshow=\"05732c4\" data-elementor-lightbox-title=\"Comuni\u00f3n Hector Casas Gonzalez - Adrian Sediles Embi\" data-elementor-lightbox-description=\"Comuni\u00f3n Hector Casas Gonzalez - Adrian Sediles Embi\" data-e-action-hash=\"#elementor-action%3Aaction%3Dlightbox%26settings%3DeyJpZCI6MzE5LCJ1cmwiOiJodHRwczpcL1wvYWRyaWFuc2VkaWxlcy5lc1wvd3AtY29udGVudFwvdXBsb2Fkc1wvMjAyMFwvMDJcLzM3LmpwZyIsInNsaWRlc2hvdyI6IjA1NzMyYzQifQ%3D%3D\" href='https:\/\/adriansediles.es\/wp-content\/uploads\/2020\/02\/37.jpg'><img loading=\"lazy\" decoding=\"async\" width=\"300\" height=\"200\" src=\"https:\/\/adriansediles.es\/wp-content\/uploads\/2020\/02\/37-300x200.jpg\" class=\"attachment-medium size-medium\" alt=\"Comuni\u00f3n Hector Casas Gonzalez - Adrian Sediles Embi\" aria-describedby=\"gallery-1-319\" srcset=\"https:\/\/adriansediles.es\/wp-content\/uploads\/2020\/02\/37-300x200.jpg 300w, https:\/\/adriansediles.es\/wp-content\/uploads\/2020\/02\/37-768x512.jpg 768w, https:\/\/adriansediles.es\/wp-content\/uploads\/2020\/02\/37-666x444.jpg 666w, https:\/\/adriansediles.es\/wp-content\/uploads\/2020\/02\/37.jpg 864w\" sizes=\"(max-width: 300px) 100vw, 300px\" \/><\/a>\n\t\t\t<\/div>\n\t\t\t\t<figcaption class='wp-caption-text gallery-caption' id='gallery-1-319'>\n\t\t\t\tComuni\u00f3n Hector Casas Gonzalez \n\t\t\t\t<\/figcaption><\/figure><figure class='gallery-item'>\n\t\t\t<div class='gallery-icon portrait'>\n\t\t\t\t<a data-elementor-open-lightbox=\"yes\" data-elementor-lightbox-slideshow=\"05732c4\" data-elementor-lightbox-title=\"Comuni\u00f3n Hector Casas Gonzalez - Adrian Sediles Embi\" data-elementor-lightbox-description=\"Comuni\u00f3n Hector Casas Gonzalez - Adrian Sediles Embi\" data-e-action-hash=\"#elementor-action%3Aaction%3Dlightbox%26settings%3DeyJpZCI6MzIwLCJ1cmwiOiJodHRwczpcL1wvYWRyaWFuc2VkaWxlcy5lc1wvd3AtY29udGVudFwvdXBsb2Fkc1wvMjAyMFwvMDJcLzQwLmpwZyIsInNsaWRlc2hvdyI6IjA1NzMyYzQifQ%3D%3D\" href='https:\/\/adriansediles.es\/wp-content\/uploads\/2020\/02\/40.jpg'><img loading=\"lazy\" decoding=\"async\" width=\"200\" height=\"300\" src=\"https:\/\/adriansediles.es\/wp-content\/uploads\/2020\/02\/40-200x300.jpg\" class=\"attachment-medium size-medium\" alt=\"Comuni\u00f3n Hector Casas Gonzalez - Adrian Sediles Embi\" aria-describedby=\"gallery-1-320\" srcset=\"https:\/\/adriansediles.es\/wp-content\/uploads\/2020\/02\/40-200x300.jpg 200w, https:\/\/adriansediles.es\/wp-content\/uploads\/2020\/02\/40.jpg 576w\" sizes=\"(max-width: 200px) 100vw, 200px\" \/><\/a>\n\t\t\t<\/div>\n\t\t\t\t<figcaption class='wp-caption-text gallery-caption' id='gallery-1-320'>\n\t\t\t\tComuni\u00f3n Hector Casas Gonzalez \n\t\t\t\t<\/figcaption><\/figure><figure class='gallery-item'>\n\t\t\t<div class='gallery-icon landscape'>\n\t\t\t\t<a data-elementor-open-lightbox=\"yes\" data-elementor-lightbox-slideshow=\"05732c4\" data-elementor-lightbox-title=\"Comunion-Hector-Casas-Gonzalez-41-Adrian-Sediles-Embi\" data-elementor-lightbox-description=\"Comuni\u00f3n Hector Casas Gonzalez - Adrian Sediles Embi\" data-e-action-hash=\"#elementor-action%3Aaction%3Dlightbox%26settings%3DeyJpZCI6MzIyLCJ1cmwiOiJodHRwczpcL1wvYWRyaWFuc2VkaWxlcy5lc1wvd3AtY29udGVudFwvdXBsb2Fkc1wvMjAyMFwvMDJcL0NvbXVuaW9uLUhlY3Rvci1DYXNhcy1Hb256YWxlei00MS1BZHJpYW4tU2VkaWxlcy1FbWJpLmpwZyIsInNsaWRlc2hvdyI6IjA1NzMyYzQifQ%3D%3D\" href='https:\/\/adriansediles.es\/wp-content\/uploads\/2020\/02\/Comunion-Hector-Casas-Gonzalez-41-Adrian-Sediles-Embi.jpg'><img loading=\"lazy\" decoding=\"async\" width=\"300\" height=\"200\" src=\"https:\/\/adriansediles.es\/wp-content\/uploads\/2020\/02\/Comunion-Hector-Casas-Gonzalez-41-Adrian-Sediles-Embi-300x200.jpg\" class=\"attachment-medium size-medium\" alt=\"Comuni\u00f3n Hector Casas Gonzalez - Adrian Sediles Embi\" aria-describedby=\"gallery-1-322\" srcset=\"https:\/\/adriansediles.es\/wp-content\/uploads\/2020\/02\/Comunion-Hector-Casas-Gonzalez-41-Adrian-Sediles-Embi-300x200.jpg 300w, https:\/\/adriansediles.es\/wp-content\/uploads\/2020\/02\/Comunion-Hector-Casas-Gonzalez-41-Adrian-Sediles-Embi-768x512.jpg 768w, https:\/\/adriansediles.es\/wp-content\/uploads\/2020\/02\/Comunion-Hector-Casas-Gonzalez-41-Adrian-Sediles-Embi-666x444.jpg 666w, https:\/\/adriansediles.es\/wp-content\/uploads\/2020\/02\/Comunion-Hector-Casas-Gonzalez-41-Adrian-Sediles-Embi.jpg 864w\" sizes=\"(max-width: 300px) 100vw, 300px\" \/><\/a>\n\t\t\t<\/div>\n\t\t\t\t<figcaption class='wp-caption-text gallery-caption' id='gallery-1-322'>\n\t\t\t\tComuni\u00f3n Hector Casas Gonzalez \n\t\t\t\t<\/figcaption><\/figure>\n\t\t<\/div>\n\t\t<\/div>\n\t\t\t\t\t\t<\/div>\n\t\t\t\t<\/div>\n\t\t\t\t\t<\/div>\n\t\t<\/div>\n\t\t\t\t\t<\/div>\n\t\t<\/section>\n\t\t\t\t<\/div>\n\t\t","protected":false},"excerpt":{"rendered":"","protected":false},"author":1,"featured_media":0,"parent":0,"menu_order":0,"comment_status":"closed","ping_status":"closed","template":"","meta":{"footnotes":""},"class_list":["post-306","page","type-page","status-publish","hentry"],"_links":{"self":[{"href":"https:\/\/adriansediles.es\/index.php?rest_route=\/wp\/v2\/pages\/306","targetHints":{"allow":["GET"]}}],"collection":[{"href":"https:\/\/adriansediles.es\/index.php?rest_route=\/wp\/v2\/pages"}],"about":[{"href":"https:\/\/adriansediles.es\/index.php?rest_route=\/wp\/v2\/types\/page"}],"author":[{"embeddable":true,"href":"https:\/\/adriansediles.es\/index.php?rest_route=\/wp\/v2\/users\/1"}],"replies":[{"embeddable":true,"href":"https:\/\/adriansediles.es\/index.php?rest_route=%2Fwp%2Fv2%2Fcomments&post=306"}],"version-history":[{"count":2,"href":"https:\/\/adriansediles.es\/index.php?rest_route=\/wp\/v2\/pages\/306\/revisions"}],"predecessor-version":[{"id":323,"href":"https:\/\/adriansediles.es\/index.php?rest_route=\/wp\/v2\/pages\/306\/revisions\/323"}],"wp:attachment":[{"href":"https:\/\/adriansediles.es\/index.php?rest_route=%2Fwp%2Fv2%2Fmedia&parent=306"}],"curies":[{"name":"wp","href":"https:\/\/api.w.org\/{rel}","templated":true}]}}