{"id":510,"date":"2020-04-05T16:09:34","date_gmt":"2020-04-05T16:09:34","guid":{"rendered":"http:\/\/192.168.1.111\/?page_id=510"},"modified":"2020-04-05T16:10:57","modified_gmt":"2020-04-05T16:10:57","slug":"productos-de-limpieza-higiene-y-aromatizacion-ambidours","status":"publish","type":"page","link":"https:\/\/adriansediles.es\/?page_id=510","title":{"rendered":"Productos de limpieza, higiene y aromatizaci\u00f3n AMBIDOURS"},"content":{"rendered":"\t\t<div data-elementor-type=\"wp-page\" data-elementor-id=\"510\" class=\"elementor elementor-510\">\n\t\t\t\t\t\t<section class=\"elementor-section elementor-top-section elementor-element elementor-element-1a59ebc elementor-section-boxed elementor-section-height-default elementor-section-height-default\" data-id=\"1a59ebc\" data-element_type=\"section\" data-e-type=\"section\">\n\t\t\t\t\t\t<div class=\"elementor-container elementor-column-gap-default\">\n\t\t\t\t\t<div class=\"elementor-column elementor-col-100 elementor-top-column elementor-element elementor-element-7c4aed89\" data-id=\"7c4aed89\" data-element_type=\"column\" data-e-type=\"column\">\n\t\t\t<div class=\"elementor-widget-wrap elementor-element-populated\">\n\t\t\t\t\t\t<div class=\"elementor-element elementor-element-5cc096fc elementor-widget elementor-widget-text-editor\" data-id=\"5cc096fc\" data-element_type=\"widget\" data-e-type=\"widget\" data-widget_type=\"text-editor.default\">\n\t\t\t\t<div class=\"elementor-widget-container\">\n\t\t\t\t\t\t\t\t\t\n<figure class=\"wp-block-gallery columns-0 is-cropped wp-block-gallery-2 is-layout-flex wp-block-gallery-is-layout-flex\"><ul class=\"blocks-gallery-grid\"><\/ul><\/figure>\n\t\t\t\t\t\t\t\t<\/div>\n\t\t\t\t<\/div>\n\t\t\t\t\t<\/div>\n\t\t<\/div>\n\t\t\t\t\t<\/div>\n\t\t<\/section>\n\t\t\t\t<section class=\"elementor-section elementor-top-section elementor-element elementor-element-576c776 elementor-section-boxed elementor-section-height-default elementor-section-height-default\" data-id=\"576c776\" data-element_type=\"section\" data-e-type=\"section\">\n\t\t\t\t\t\t<div class=\"elementor-container elementor-column-gap-default\">\n\t\t\t\t\t<div class=\"elementor-column elementor-col-100 elementor-top-column elementor-element elementor-element-f995026\" data-id=\"f995026\" data-element_type=\"column\" data-e-type=\"column\">\n\t\t\t<div class=\"elementor-widget-wrap elementor-element-populated\">\n\t\t\t\t\t\t<div class=\"elementor-element elementor-element-dfb272e elementor-widget elementor-widget-image-gallery\" data-id=\"dfb272e\" data-element_type=\"widget\" data-e-type=\"widget\" data-widget_type=\"image-gallery.default\">\n\t\t\t\t<div class=\"elementor-widget-container\">\n\t\t\t\t\t\t\t<div class=\"elementor-image-gallery\">\n\t\t\t<div id='gallery-1' class='gallery galleryid-510 gallery-columns-3 gallery-size-medium'><figure class='gallery-item'>\n\t\t\t<div class='gallery-icon landscape'>\n\t\t\t\t<a data-elementor-open-lightbox=\"yes\" data-elementor-lightbox-slideshow=\"dfb272e\" data-elementor-lightbox-title=\"Ambidours 3- Adrian Sediles Embi\" data-e-action-hash=\"#elementor-action%3Aaction%3Dlightbox%26settings%3DeyJpZCI6NTIzLCJ1cmwiOiJodHRwczpcL1wvYWRyaWFuc2VkaWxlcy5lc1wvd3AtY29udGVudFwvdXBsb2Fkc1wvMjAyMFwvMDRcL0FtYmlkb3Vycy0zLUFkcmlhbi1TZWRpbGVzLUVtYmktMS5qcGciLCJzbGlkZXNob3ciOiJkZmIyNzJlIn0%3D\" href='https:\/\/adriansediles.es\/wp-content\/uploads\/2020\/04\/Ambidours-3-Adrian-Sediles-Embi-1.jpg'><img fetchpriority=\"high\" decoding=\"async\" width=\"300\" height=\"241\" src=\"https:\/\/adriansediles.es\/wp-content\/uploads\/2020\/04\/Ambidours-3-Adrian-Sediles-Embi-1-300x241.jpg\" class=\"attachment-medium size-medium\" alt=\"\" aria-describedby=\"gallery-1-523\" srcset=\"https:\/\/adriansediles.es\/wp-content\/uploads\/2020\/04\/Ambidours-3-Adrian-Sediles-Embi-1-300x241.jpg 300w, https:\/\/adriansediles.es\/wp-content\/uploads\/2020\/04\/Ambidours-3-Adrian-Sediles-Embi-1-768x617.jpg 768w, https:\/\/adriansediles.es\/wp-content\/uploads\/2020\/04\/Ambidours-3-Adrian-Sediles-Embi-1.jpg 1024w\" sizes=\"(max-width: 300px) 100vw, 300px\" \/><\/a>\n\t\t\t<\/div>\n\t\t\t\t<figcaption class='wp-caption-text gallery-caption' id='gallery-1-523'>\n\t\t\t\tProductos de limpieza, higiene y aromatizaci\u00f3n AMBIDOURS\n\t\t\t\t<\/figcaption><\/figure><figure class='gallery-item'>\n\t\t\t<div class='gallery-icon portrait'>\n\t\t\t\t<a data-elementor-open-lightbox=\"yes\" data-elementor-lightbox-slideshow=\"dfb272e\" data-elementor-lightbox-title=\"AMBIDOURS - Adrian Sediles Embi\" data-e-action-hash=\"#elementor-action%3Aaction%3Dlightbox%26settings%3DeyJpZCI6NTEyLCJ1cmwiOiJodHRwczpcL1wvYWRyaWFuc2VkaWxlcy5lc1wvd3AtY29udGVudFwvdXBsb2Fkc1wvMjAyMFwvMDRcLzIuanBnIiwic2xpZGVzaG93IjoiZGZiMjcyZSJ9\" href='https:\/\/adriansediles.es\/wp-content\/uploads\/2020\/04\/2.jpg'><img decoding=\"async\" width=\"177\" height=\"300\" src=\"https:\/\/adriansediles.es\/wp-content\/uploads\/2020\/04\/2-177x300.jpg\" class=\"attachment-medium size-medium\" alt=\"\" aria-describedby=\"gallery-1-512\" srcset=\"https:\/\/adriansediles.es\/wp-content\/uploads\/2020\/04\/2-177x300.jpg 177w, https:\/\/adriansediles.es\/wp-content\/uploads\/2020\/04\/2-605x1024.jpg 605w, https:\/\/adriansediles.es\/wp-content\/uploads\/2020\/04\/2.jpg 638w\" sizes=\"(max-width: 177px) 100vw, 177px\" \/><\/a>\n\t\t\t<\/div>\n\t\t\t\t<figcaption class='wp-caption-text gallery-caption' id='gallery-1-512'>\n\t\t\t\tProductos de limpieza, higiene y aromatizaci\u00f3n AMBIDOURS\n\t\t\t\t<\/figcaption><\/figure><figure class='gallery-item'>\n\t\t\t<div class='gallery-icon landscape'>\n\t\t\t\t<a data-elementor-open-lightbox=\"yes\" data-elementor-lightbox-slideshow=\"dfb272e\" data-elementor-lightbox-title=\"Ambidours 5- Adrian Sediles Embi\" data-e-action-hash=\"#elementor-action%3Aaction%3Dlightbox%26settings%3DeyJpZCI6NTI1LCJ1cmwiOiJodHRwczpcL1wvYWRyaWFuc2VkaWxlcy5lc1wvd3AtY29udGVudFwvdXBsb2Fkc1wvMjAyMFwvMDRcL0FtYmlkb3Vycy01LUFkcmlhbi1TZWRpbGVzLUVtYmkuanBnIiwic2xpZGVzaG93IjoiZGZiMjcyZSJ9\" href='https:\/\/adriansediles.es\/wp-content\/uploads\/2020\/04\/Ambidours-5-Adrian-Sediles-Embi.jpg'><img decoding=\"async\" width=\"300\" height=\"249\" src=\"https:\/\/adriansediles.es\/wp-content\/uploads\/2020\/04\/Ambidours-5-Adrian-Sediles-Embi-300x249.jpg\" class=\"attachment-medium size-medium\" alt=\"\" aria-describedby=\"gallery-1-525\" srcset=\"https:\/\/adriansediles.es\/wp-content\/uploads\/2020\/04\/Ambidours-5-Adrian-Sediles-Embi-300x249.jpg 300w, https:\/\/adriansediles.es\/wp-content\/uploads\/2020\/04\/Ambidours-5-Adrian-Sediles-Embi-768x638.jpg 768w, https:\/\/adriansediles.es\/wp-content\/uploads\/2020\/04\/Ambidours-5-Adrian-Sediles-Embi.jpg 1024w\" sizes=\"(max-width: 300px) 100vw, 300px\" \/><\/a>\n\t\t\t<\/div>\n\t\t\t\t<figcaption class='wp-caption-text gallery-caption' id='gallery-1-525'>\n\t\t\t\tProductos de limpieza, higiene y aromatizaci\u00f3n AMBIDOURS\n\t\t\t\t<\/figcaption><\/figure><figure class='gallery-item'>\n\t\t\t<div class='gallery-icon portrait'>\n\t\t\t\t<a data-elementor-open-lightbox=\"yes\" data-elementor-lightbox-slideshow=\"dfb272e\" data-elementor-lightbox-title=\"AMBIDOURS - Adrian Sediles Embi\" data-e-action-hash=\"#elementor-action%3Aaction%3Dlightbox%26settings%3DeyJpZCI6NTEzLCJ1cmwiOiJodHRwczpcL1wvYWRyaWFuc2VkaWxlcy5lc1wvd3AtY29udGVudFwvdXBsb2Fkc1wvMjAyMFwvMDRcLzYuanBnIiwic2xpZGVzaG93IjoiZGZiMjcyZSJ9\" href='https:\/\/adriansediles.es\/wp-content\/uploads\/2020\/04\/6.jpg'><img loading=\"lazy\" decoding=\"async\" width=\"200\" height=\"300\" src=\"https:\/\/adriansediles.es\/wp-content\/uploads\/2020\/04\/6-200x300.jpg\" class=\"attachment-medium size-medium\" alt=\"\" aria-describedby=\"gallery-1-513\" srcset=\"https:\/\/adriansediles.es\/wp-content\/uploads\/2020\/04\/6-200x300.jpg 200w, https:\/\/adriansediles.es\/wp-content\/uploads\/2020\/04\/6-683x1024.jpg 683w, https:\/\/adriansediles.es\/wp-content\/uploads\/2020\/04\/6.jpg 720w\" sizes=\"(max-width: 200px) 100vw, 200px\" \/><\/a>\n\t\t\t<\/div>\n\t\t\t\t<figcaption class='wp-caption-text gallery-caption' id='gallery-1-513'>\n\t\t\t\tProductos de limpieza, higiene y aromatizaci\u00f3n AMBIDOURS\n\t\t\t\t<\/figcaption><\/figure><figure class='gallery-item'>\n\t\t\t<div class='gallery-icon portrait'>\n\t\t\t\t<a data-elementor-open-lightbox=\"yes\" data-elementor-lightbox-slideshow=\"dfb272e\" data-elementor-lightbox-title=\"AMBIDOURS - Adrian Sediles Embi\" data-e-action-hash=\"#elementor-action%3Aaction%3Dlightbox%26settings%3DeyJpZCI6NTE4LCJ1cmwiOiJodHRwczpcL1wvYWRyaWFuc2VkaWxlcy5lc1wvd3AtY29udGVudFwvdXBsb2Fkc1wvMjAyMFwvMDRcLzI1Mi5qcGciLCJzbGlkZXNob3ciOiJkZmIyNzJlIn0%3D\" href='https:\/\/adriansediles.es\/wp-content\/uploads\/2020\/04\/252.jpg'><img loading=\"lazy\" decoding=\"async\" width=\"200\" height=\"300\" src=\"https:\/\/adriansediles.es\/wp-content\/uploads\/2020\/04\/252-200x300.jpg\" class=\"attachment-medium size-medium\" alt=\"\" aria-describedby=\"gallery-1-518\" srcset=\"https:\/\/adriansediles.es\/wp-content\/uploads\/2020\/04\/252-200x300.jpg 200w, https:\/\/adriansediles.es\/wp-content\/uploads\/2020\/04\/252-683x1024.jpg 683w, https:\/\/adriansediles.es\/wp-content\/uploads\/2020\/04\/252.jpg 720w\" sizes=\"(max-width: 200px) 100vw, 200px\" \/><\/a>\n\t\t\t<\/div>\n\t\t\t\t<figcaption class='wp-caption-text gallery-caption' id='gallery-1-518'>\n\t\t\t\tProductos de limpieza, higiene y aromatizaci\u00f3n AMBIDOURS\n\t\t\t\t<\/figcaption><\/figure><figure class='gallery-item'>\n\t\t\t<div class='gallery-icon landscape'>\n\t\t\t\t<a data-elementor-open-lightbox=\"yes\" data-elementor-lightbox-slideshow=\"dfb272e\" data-elementor-lightbox-title=\"Ambidours 4- Adrian Sediles Embi\" data-e-action-hash=\"#elementor-action%3Aaction%3Dlightbox%26settings%3DeyJpZCI6NTI0LCJ1cmwiOiJodHRwczpcL1wvYWRyaWFuc2VkaWxlcy5lc1wvd3AtY29udGVudFwvdXBsb2Fkc1wvMjAyMFwvMDRcL0FtYmlkb3Vycy00LUFkcmlhbi1TZWRpbGVzLUVtYmkuanBnIiwic2xpZGVzaG93IjoiZGZiMjcyZSJ9\" href='https:\/\/adriansediles.es\/wp-content\/uploads\/2020\/04\/Ambidours-4-Adrian-Sediles-Embi.jpg'><img loading=\"lazy\" decoding=\"async\" width=\"300\" height=\"176\" src=\"https:\/\/adriansediles.es\/wp-content\/uploads\/2020\/04\/Ambidours-4-Adrian-Sediles-Embi-300x176.jpg\" class=\"attachment-medium size-medium\" alt=\"\" aria-describedby=\"gallery-1-524\" srcset=\"https:\/\/adriansediles.es\/wp-content\/uploads\/2020\/04\/Ambidours-4-Adrian-Sediles-Embi-300x176.jpg 300w, https:\/\/adriansediles.es\/wp-content\/uploads\/2020\/04\/Ambidours-4-Adrian-Sediles-Embi-768x452.jpg 768w, https:\/\/adriansediles.es\/wp-content\/uploads\/2020\/04\/Ambidours-4-Adrian-Sediles-Embi.jpg 1024w\" sizes=\"(max-width: 300px) 100vw, 300px\" \/><\/a>\n\t\t\t<\/div>\n\t\t\t\t<figcaption class='wp-caption-text gallery-caption' id='gallery-1-524'>\n\t\t\t\tProductos de limpieza, higiene y aromatizaci\u00f3n AMBIDOURS\n\t\t\t\t<\/figcaption><\/figure><figure class='gallery-item'>\n\t\t\t<div class='gallery-icon portrait'>\n\t\t\t\t<a data-elementor-open-lightbox=\"yes\" data-elementor-lightbox-slideshow=\"dfb272e\" data-elementor-lightbox-title=\"AMBIDOURS - Adrian Sediles Embi\" data-e-action-hash=\"#elementor-action%3Aaction%3Dlightbox%26settings%3DeyJpZCI6NTE0LCJ1cmwiOiJodHRwczpcL1wvYWRyaWFuc2VkaWxlcy5lc1wvd3AtY29udGVudFwvdXBsb2Fkc1wvMjAyMFwvMDRcLzkuanBnIiwic2xpZGVzaG93IjoiZGZiMjcyZSJ9\" href='https:\/\/adriansediles.es\/wp-content\/uploads\/2020\/04\/9.jpg'><img loading=\"lazy\" decoding=\"async\" width=\"200\" height=\"300\" src=\"https:\/\/adriansediles.es\/wp-content\/uploads\/2020\/04\/9-200x300.jpg\" class=\"attachment-medium size-medium\" alt=\"\" aria-describedby=\"gallery-1-514\" srcset=\"https:\/\/adriansediles.es\/wp-content\/uploads\/2020\/04\/9-200x300.jpg 200w, https:\/\/adriansediles.es\/wp-content\/uploads\/2020\/04\/9-683x1024.jpg 683w, https:\/\/adriansediles.es\/wp-content\/uploads\/2020\/04\/9.jpg 720w\" sizes=\"(max-width: 200px) 100vw, 200px\" \/><\/a>\n\t\t\t<\/div>\n\t\t\t\t<figcaption class='wp-caption-text gallery-caption' id='gallery-1-514'>\n\t\t\t\tProductos de limpieza, higiene y aromatizaci\u00f3n AMBIDOURS\n\t\t\t\t<\/figcaption><\/figure><figure class='gallery-item'>\n\t\t\t<div class='gallery-icon portrait'>\n\t\t\t\t<a data-elementor-open-lightbox=\"yes\" data-elementor-lightbox-slideshow=\"dfb272e\" data-elementor-lightbox-title=\"AMBIDOURS - Adrian Sediles Embi\" data-e-action-hash=\"#elementor-action%3Aaction%3Dlightbox%26settings%3DeyJpZCI6NTE1LCJ1cmwiOiJodHRwczpcL1wvYWRyaWFuc2VkaWxlcy5lc1wvd3AtY29udGVudFwvdXBsb2Fkc1wvMjAyMFwvMDRcLzEyLmpwZyIsInNsaWRlc2hvdyI6ImRmYjI3MmUifQ%3D%3D\" href='https:\/\/adriansediles.es\/wp-content\/uploads\/2020\/04\/12.jpg'><img loading=\"lazy\" decoding=\"async\" width=\"200\" height=\"300\" src=\"https:\/\/adriansediles.es\/wp-content\/uploads\/2020\/04\/12-200x300.jpg\" class=\"attachment-medium size-medium\" alt=\"\" aria-describedby=\"gallery-1-515\" srcset=\"https:\/\/adriansediles.es\/wp-content\/uploads\/2020\/04\/12-200x300.jpg 200w, https:\/\/adriansediles.es\/wp-content\/uploads\/2020\/04\/12-683x1024.jpg 683w, https:\/\/adriansediles.es\/wp-content\/uploads\/2020\/04\/12.jpg 720w\" sizes=\"(max-width: 200px) 100vw, 200px\" \/><\/a>\n\t\t\t<\/div>\n\t\t\t\t<figcaption class='wp-caption-text gallery-caption' id='gallery-1-515'>\n\t\t\t\tProductos de limpieza, higiene y aromatizaci\u00f3n AMBIDOURS\n\t\t\t\t<\/figcaption><\/figure><figure class='gallery-item'>\n\t\t\t<div class='gallery-icon portrait'>\n\t\t\t\t<a data-elementor-open-lightbox=\"yes\" data-elementor-lightbox-slideshow=\"dfb272e\" data-elementor-lightbox-title=\"AMBIDOURS - Adrian Sediles Embi\" data-e-action-hash=\"#elementor-action%3Aaction%3Dlightbox%26settings%3DeyJpZCI6NTIxLCJ1cmwiOiJodHRwczpcL1wvYWRyaWFuc2VkaWxlcy5lc1wvd3AtY29udGVudFwvdXBsb2Fkc1wvMjAyMFwvMDRcLzM2LmpwZyIsInNsaWRlc2hvdyI6ImRmYjI3MmUifQ%3D%3D\" href='https:\/\/adriansediles.es\/wp-content\/uploads\/2020\/04\/36.jpg'><img loading=\"lazy\" decoding=\"async\" width=\"200\" height=\"300\" src=\"https:\/\/adriansediles.es\/wp-content\/uploads\/2020\/04\/36-200x300.jpg\" class=\"attachment-medium size-medium\" alt=\"\" aria-describedby=\"gallery-1-521\" srcset=\"https:\/\/adriansediles.es\/wp-content\/uploads\/2020\/04\/36-200x300.jpg 200w, https:\/\/adriansediles.es\/wp-content\/uploads\/2020\/04\/36-683x1024.jpg 683w, https:\/\/adriansediles.es\/wp-content\/uploads\/2020\/04\/36.jpg 720w\" sizes=\"(max-width: 200px) 100vw, 200px\" \/><\/a>\n\t\t\t<\/div>\n\t\t\t\t<figcaption class='wp-caption-text gallery-caption' id='gallery-1-521'>\n\t\t\t\tProductos de limpieza, higiene y aromatizaci\u00f3n AMBIDOURS\n\t\t\t\t<\/figcaption><\/figure><figure class='gallery-item'>\n\t\t\t<div class='gallery-icon portrait'>\n\t\t\t\t<a data-elementor-open-lightbox=\"yes\" data-elementor-lightbox-slideshow=\"dfb272e\" data-elementor-lightbox-title=\"AMBIDOURS - Adrian Sediles Embi\" data-e-action-hash=\"#elementor-action%3Aaction%3Dlightbox%26settings%3DeyJpZCI6NTE5LCJ1cmwiOiJodHRwczpcL1wvYWRyaWFuc2VkaWxlcy5lc1wvd3AtY29udGVudFwvdXBsb2Fkc1wvMjAyMFwvMDRcLzMxMi5qcGciLCJzbGlkZXNob3ciOiJkZmIyNzJlIn0%3D\" href='https:\/\/adriansediles.es\/wp-content\/uploads\/2020\/04\/312.jpg'><img loading=\"lazy\" decoding=\"async\" width=\"227\" height=\"300\" src=\"https:\/\/adriansediles.es\/wp-content\/uploads\/2020\/04\/312-227x300.jpg\" class=\"attachment-medium size-medium\" alt=\"\" aria-describedby=\"gallery-1-519\" srcset=\"https:\/\/adriansediles.es\/wp-content\/uploads\/2020\/04\/312-227x300.jpg 227w, https:\/\/adriansediles.es\/wp-content\/uploads\/2020\/04\/312-775x1024.jpg 775w, https:\/\/adriansediles.es\/wp-content\/uploads\/2020\/04\/312-768x1015.jpg 768w, https:\/\/adriansediles.es\/wp-content\/uploads\/2020\/04\/312.jpg 817w\" sizes=\"(max-width: 227px) 100vw, 227px\" \/><\/a>\n\t\t\t<\/div>\n\t\t\t\t<figcaption class='wp-caption-text gallery-caption' id='gallery-1-519'>\n\t\t\t\tProductos de limpieza, higiene y aromatizaci\u00f3n AMBIDOURS\n\t\t\t\t<\/figcaption><\/figure><figure class='gallery-item'>\n\t\t\t<div class='gallery-icon portrait'>\n\t\t\t\t<a data-elementor-open-lightbox=\"yes\" data-elementor-lightbox-slideshow=\"dfb272e\" data-elementor-lightbox-title=\"AMBIDOURS - Adrian Sediles Embi\" data-e-action-hash=\"#elementor-action%3Aaction%3Dlightbox%26settings%3DeyJpZCI6NTE2LCJ1cmwiOiJodHRwczpcL1wvYWRyaWFuc2VkaWxlcy5lc1wvd3AtY29udGVudFwvdXBsb2Fkc1wvMjAyMFwvMDRcLzE5Mi5qcGciLCJzbGlkZXNob3ciOiJkZmIyNzJlIn0%3D\" href='https:\/\/adriansediles.es\/wp-content\/uploads\/2020\/04\/192.jpg'><img loading=\"lazy\" decoding=\"async\" width=\"200\" height=\"300\" src=\"https:\/\/adriansediles.es\/wp-content\/uploads\/2020\/04\/192-200x300.jpg\" class=\"attachment-medium size-medium\" alt=\"\" aria-describedby=\"gallery-1-516\" srcset=\"https:\/\/adriansediles.es\/wp-content\/uploads\/2020\/04\/192-200x300.jpg 200w, https:\/\/adriansediles.es\/wp-content\/uploads\/2020\/04\/192-683x1024.jpg 683w, https:\/\/adriansediles.es\/wp-content\/uploads\/2020\/04\/192.jpg 720w\" sizes=\"(max-width: 200px) 100vw, 200px\" \/><\/a>\n\t\t\t<\/div>\n\t\t\t\t<figcaption class='wp-caption-text gallery-caption' id='gallery-1-516'>\n\t\t\t\tProductos de limpieza, higiene y aromatizaci\u00f3n AMBIDOURS\n\t\t\t\t<\/figcaption><\/figure><figure class='gallery-item'>\n\t\t\t<div class='gallery-icon portrait'>\n\t\t\t\t<a data-elementor-open-lightbox=\"yes\" data-elementor-lightbox-slideshow=\"dfb272e\" data-elementor-lightbox-title=\"AMBIDOURS - Adrian Sediles Embi\" data-e-action-hash=\"#elementor-action%3Aaction%3Dlightbox%26settings%3DeyJpZCI6NTE3LCJ1cmwiOiJodHRwczpcL1wvYWRyaWFuc2VkaWxlcy5lc1wvd3AtY29udGVudFwvdXBsb2Fkc1wvMjAyMFwvMDRcLzIxMi5qcGciLCJzbGlkZXNob3ciOiJkZmIyNzJlIn0%3D\" href='https:\/\/adriansediles.es\/wp-content\/uploads\/2020\/04\/212.jpg'><img loading=\"lazy\" decoding=\"async\" width=\"200\" height=\"300\" src=\"https:\/\/adriansediles.es\/wp-content\/uploads\/2020\/04\/212-200x300.jpg\" class=\"attachment-medium size-medium\" alt=\"\" aria-describedby=\"gallery-1-517\" srcset=\"https:\/\/adriansediles.es\/wp-content\/uploads\/2020\/04\/212-200x300.jpg 200w, https:\/\/adriansediles.es\/wp-content\/uploads\/2020\/04\/212-683x1024.jpg 683w, https:\/\/adriansediles.es\/wp-content\/uploads\/2020\/04\/212.jpg 720w\" sizes=\"(max-width: 200px) 100vw, 200px\" \/><\/a>\n\t\t\t<\/div>\n\t\t\t\t<figcaption class='wp-caption-text gallery-caption' id='gallery-1-517'>\n\t\t\t\tProductos de limpieza, higiene y aromatizaci\u00f3n AMBIDOURS\n\t\t\t\t<\/figcaption><\/figure><figure class='gallery-item'>\n\t\t\t<div class='gallery-icon portrait'>\n\t\t\t\t<a data-elementor-open-lightbox=\"yes\" data-elementor-lightbox-slideshow=\"dfb272e\" data-elementor-lightbox-title=\"Ambidours 7- Adrian Sediles Embi\" data-e-action-hash=\"#elementor-action%3Aaction%3Dlightbox%26settings%3DeyJpZCI6NTI3LCJ1cmwiOiJodHRwczpcL1wvYWRyaWFuc2VkaWxlcy5lc1wvd3AtY29udGVudFwvdXBsb2Fkc1wvMjAyMFwvMDRcL0FtYmlkb3Vycy03LUFkcmlhbi1TZWRpbGVzLUVtYmkuanBnIiwic2xpZGVzaG93IjoiZGZiMjcyZSJ9\" href='https:\/\/adriansediles.es\/wp-content\/uploads\/2020\/04\/Ambidours-7-Adrian-Sediles-Embi.jpg'><img loading=\"lazy\" decoding=\"async\" width=\"218\" height=\"300\" src=\"https:\/\/adriansediles.es\/wp-content\/uploads\/2020\/04\/Ambidours-7-Adrian-Sediles-Embi-218x300.jpg\" class=\"attachment-medium size-medium\" alt=\"\" aria-describedby=\"gallery-1-527\" srcset=\"https:\/\/adriansediles.es\/wp-content\/uploads\/2020\/04\/Ambidours-7-Adrian-Sediles-Embi-218x300.jpg 218w, https:\/\/adriansediles.es\/wp-content\/uploads\/2020\/04\/Ambidours-7-Adrian-Sediles-Embi.jpg 743w\" sizes=\"(max-width: 218px) 100vw, 218px\" \/><\/a>\n\t\t\t<\/div>\n\t\t\t\t<figcaption class='wp-caption-text gallery-caption' id='gallery-1-527'>\n\t\t\t\tProductos de limpieza, higiene y aromatizaci\u00f3n AMBIDOURS\n\t\t\t\t<\/figcaption><\/figure><figure class='gallery-item'>\n\t\t\t<div class='gallery-icon portrait'>\n\t\t\t\t<a data-elementor-open-lightbox=\"yes\" data-elementor-lightbox-slideshow=\"dfb272e\" data-elementor-lightbox-title=\"AMBIDOURS - Adrian Sediles Embi\" data-e-action-hash=\"#elementor-action%3Aaction%3Dlightbox%26settings%3DeyJpZCI6NTIwLCJ1cmwiOiJodHRwczpcL1wvYWRyaWFuc2VkaWxlcy5lc1wvd3AtY29udGVudFwvdXBsb2Fkc1wvMjAyMFwvMDRcLzM1LmpwZyIsInNsaWRlc2hvdyI6ImRmYjI3MmUifQ%3D%3D\" href='https:\/\/adriansediles.es\/wp-content\/uploads\/2020\/04\/35.jpg'><img loading=\"lazy\" decoding=\"async\" width=\"200\" height=\"300\" src=\"https:\/\/adriansediles.es\/wp-content\/uploads\/2020\/04\/35-200x300.jpg\" class=\"attachment-medium size-medium\" alt=\"\" aria-describedby=\"gallery-1-520\" srcset=\"https:\/\/adriansediles.es\/wp-content\/uploads\/2020\/04\/35-200x300.jpg 200w, https:\/\/adriansediles.es\/wp-content\/uploads\/2020\/04\/35-683x1024.jpg 683w, https:\/\/adriansediles.es\/wp-content\/uploads\/2020\/04\/35.jpg 720w\" sizes=\"(max-width: 200px) 100vw, 200px\" \/><\/a>\n\t\t\t<\/div>\n\t\t\t\t<figcaption class='wp-caption-text gallery-caption' id='gallery-1-520'>\n\t\t\t\tProductos de limpieza, higiene y aromatizaci\u00f3n AMBIDOURS\n\t\t\t\t<\/figcaption><\/figure><figure class='gallery-item'>\n\t\t\t<div class='gallery-icon portrait'>\n\t\t\t\t<a data-elementor-open-lightbox=\"yes\" data-elementor-lightbox-slideshow=\"dfb272e\" data-elementor-lightbox-title=\"Ambidours 1- Adrian Sediles Embi\" data-e-action-hash=\"#elementor-action%3Aaction%3Dlightbox%26settings%3DeyJpZCI6NTIyLCJ1cmwiOiJodHRwczpcL1wvYWRyaWFuc2VkaWxlcy5lc1wvd3AtY29udGVudFwvdXBsb2Fkc1wvMjAyMFwvMDRcL0FtYmlkb3Vycy0xLUFkcmlhbi1TZWRpbGVzLUVtYmkuanBnIiwic2xpZGVzaG93IjoiZGZiMjcyZSJ9\" href='https:\/\/adriansediles.es\/wp-content\/uploads\/2020\/04\/Ambidours-1-Adrian-Sediles-Embi.jpg'><img loading=\"lazy\" decoding=\"async\" width=\"277\" height=\"300\" src=\"https:\/\/adriansediles.es\/wp-content\/uploads\/2020\/04\/Ambidours-1-Adrian-Sediles-Embi-277x300.jpg\" class=\"attachment-medium size-medium\" alt=\"\" aria-describedby=\"gallery-1-522\" srcset=\"https:\/\/adriansediles.es\/wp-content\/uploads\/2020\/04\/Ambidours-1-Adrian-Sediles-Embi-277x300.jpg 277w, https:\/\/adriansediles.es\/wp-content\/uploads\/2020\/04\/Ambidours-1-Adrian-Sediles-Embi-768x830.jpg 768w, https:\/\/adriansediles.es\/wp-content\/uploads\/2020\/04\/Ambidours-1-Adrian-Sediles-Embi.jpg 947w\" sizes=\"(max-width: 277px) 100vw, 277px\" \/><\/a>\n\t\t\t<\/div>\n\t\t\t\t<figcaption class='wp-caption-text gallery-caption' id='gallery-1-522'>\n\t\t\t\tProductos de limpieza, higiene y aromatizaci\u00f3n AMBIDOURS\n\t\t\t\t<\/figcaption><\/figure><figure class='gallery-item'>\n\t\t\t<div class='gallery-icon portrait'>\n\t\t\t\t<a data-elementor-open-lightbox=\"yes\" data-elementor-lightbox-slideshow=\"dfb272e\" data-elementor-lightbox-title=\"Ambidours 6- Adrian Sediles Embi\" data-e-action-hash=\"#elementor-action%3Aaction%3Dlightbox%26settings%3DeyJpZCI6NTI2LCJ1cmwiOiJodHRwczpcL1wvYWRyaWFuc2VkaWxlcy5lc1wvd3AtY29udGVudFwvdXBsb2Fkc1wvMjAyMFwvMDRcL0FtYmlkb3Vycy02LUFkcmlhbi1TZWRpbGVzLUVtYmkuanBnIiwic2xpZGVzaG93IjoiZGZiMjcyZSJ9\" href='https:\/\/adriansediles.es\/wp-content\/uploads\/2020\/04\/Ambidours-6-Adrian-Sediles-Embi.jpg'><img loading=\"lazy\" decoding=\"async\" width=\"295\" height=\"300\" src=\"https:\/\/adriansediles.es\/wp-content\/uploads\/2020\/04\/Ambidours-6-Adrian-Sediles-Embi-295x300.jpg\" class=\"attachment-medium size-medium\" alt=\"\" aria-describedby=\"gallery-1-526\" srcset=\"https:\/\/adriansediles.es\/wp-content\/uploads\/2020\/04\/Ambidours-6-Adrian-Sediles-Embi-295x300.jpg 295w, https:\/\/adriansediles.es\/wp-content\/uploads\/2020\/04\/Ambidours-6-Adrian-Sediles-Embi-768x780.jpg 768w, https:\/\/adriansediles.es\/wp-content\/uploads\/2020\/04\/Ambidours-6-Adrian-Sediles-Embi-50x50.jpg 50w, https:\/\/adriansediles.es\/wp-content\/uploads\/2020\/04\/Ambidours-6-Adrian-Sediles-Embi.jpg 1008w\" sizes=\"(max-width: 295px) 100vw, 295px\" \/><\/a>\n\t\t\t<\/div>\n\t\t\t\t<figcaption class='wp-caption-text gallery-caption' id='gallery-1-526'>\n\t\t\t\tProductos de limpieza, higiene y aromatizaci\u00f3n AMBIDOURS\n\t\t\t\t<\/figcaption><\/figure>\n\t\t<\/div>\n\t\t<\/div>\n\t\t\t\t\t\t<\/div>\n\t\t\t\t<\/div>\n\t\t\t\t\t<\/div>\n\t\t<\/div>\n\t\t\t\t\t<\/div>\n\t\t<\/section>\n\t\t\t\t<\/div>\n\t\t","protected":false},"excerpt":{"rendered":"<p>Productos de limpieza, higiene y aromatizaci\u00f3n AMBIDOURS Productos de limpieza, higiene y aromatizaci\u00f3n AMBIDOURS Productos de limpieza, higiene y aromatizaci\u00f3n &hellip; <a href=\"https:\/\/adriansediles.es\/?page_id=510\" class=\"more-link\"><span class=\"more-button\">Seguir leyendo<span class=\"screen-reader-text\">Productos de limpieza, higiene y aromatizaci\u00f3n AMBIDOURS<\/span><\/span><\/a><\/p>\n","protected":false},"author":1,"featured_media":0,"parent":0,"menu_order":0,"comment_status":"closed","ping_status":"closed","template":"","meta":{"footnotes":""},"class_list":["post-510","page","type-page","status-publish","hentry"],"_links":{"self":[{"href":"https:\/\/adriansediles.es\/index.php?rest_route=\/wp\/v2\/pages\/510","targetHints":{"allow":["GET"]}}],"collection":[{"href":"https:\/\/adriansediles.es\/index.php?rest_route=\/wp\/v2\/pages"}],"about":[{"href":"https:\/\/adriansediles.es\/index.php?rest_route=\/wp\/v2\/types\/page"}],"author":[{"embeddable":true,"href":"https:\/\/adriansediles.es\/index.php?rest_route=\/wp\/v2\/users\/1"}],"replies":[{"embeddable":true,"href":"https:\/\/adriansediles.es\/index.php?rest_route=%2Fwp%2Fv2%2Fcomments&post=510"}],"version-history":[{"count":3,"href":"https:\/\/adriansediles.es\/index.php?rest_route=\/wp\/v2\/pages\/510\/revisions"}],"predecessor-version":[{"id":529,"href":"https:\/\/adriansediles.es\/index.php?rest_route=\/wp\/v2\/pages\/510\/revisions\/529"}],"wp:attachment":[{"href":"https:\/\/adriansediles.es\/index.php?rest_route=%2Fwp%2Fv2%2Fmedia&parent=510"}],"curies":[{"name":"wp","href":"https:\/\/api.w.org\/{rel}","templated":true}]}}