{"id":532,"date":"2020-04-05T16:13:56","date_gmt":"2020-04-05T16:13:56","guid":{"rendered":"http:\/\/192.168.1.111\/?page_id=532"},"modified":"2020-04-05T16:14:03","modified_gmt":"2020-04-05T16:14:03","slug":"chocolates-y-productos-tipicos-de-aragon-frutas-de-aragon-nakoa","status":"publish","type":"page","link":"https:\/\/adriansediles.es\/?page_id=532","title":{"rendered":"Chocolates y productos t\u00edpicos de Arag\u00f3n, frutas de Arag\u00f3n NAKOA"},"content":{"rendered":"\t\t<div data-elementor-type=\"wp-page\" data-elementor-id=\"532\" class=\"elementor elementor-532\">\n\t\t\t\t\t\t<section class=\"elementor-section elementor-top-section elementor-element elementor-element-1a59ebc elementor-section-boxed elementor-section-height-default elementor-section-height-default\" data-id=\"1a59ebc\" data-element_type=\"section\" data-e-type=\"section\">\n\t\t\t\t\t\t<div class=\"elementor-container elementor-column-gap-default\">\n\t\t\t\t\t<div class=\"elementor-column elementor-col-100 elementor-top-column elementor-element elementor-element-7c4aed89\" data-id=\"7c4aed89\" data-element_type=\"column\" data-e-type=\"column\">\n\t\t\t<div class=\"elementor-widget-wrap elementor-element-populated\">\n\t\t\t\t\t\t<div class=\"elementor-element elementor-element-5cc096fc elementor-widget elementor-widget-text-editor\" data-id=\"5cc096fc\" data-element_type=\"widget\" data-e-type=\"widget\" data-widget_type=\"text-editor.default\">\n\t\t\t\t<div class=\"elementor-widget-container\">\n\t\t\t\t\t\t\t\t\t\n<figure class=\"wp-block-gallery columns-0 is-cropped wp-block-gallery-2 is-layout-flex wp-block-gallery-is-layout-flex\"><ul class=\"blocks-gallery-grid\"><\/ul><\/figure>\n\t\t\t\t\t\t\t\t<\/div>\n\t\t\t\t<\/div>\n\t\t\t\t\t<\/div>\n\t\t<\/div>\n\t\t\t\t\t<\/div>\n\t\t<\/section>\n\t\t\t\t<section class=\"elementor-section elementor-top-section elementor-element elementor-element-576c776 elementor-section-boxed elementor-section-height-default elementor-section-height-default\" data-id=\"576c776\" data-element_type=\"section\" data-e-type=\"section\">\n\t\t\t\t\t\t<div class=\"elementor-container elementor-column-gap-default\">\n\t\t\t\t\t<div class=\"elementor-column elementor-col-100 elementor-top-column elementor-element elementor-element-f995026\" data-id=\"f995026\" data-element_type=\"column\" data-e-type=\"column\">\n\t\t\t<div class=\"elementor-widget-wrap elementor-element-populated\">\n\t\t\t\t\t\t<div class=\"elementor-element elementor-element-dfb272e elementor-widget elementor-widget-image-gallery\" data-id=\"dfb272e\" data-element_type=\"widget\" data-e-type=\"widget\" data-widget_type=\"image-gallery.default\">\n\t\t\t\t<div class=\"elementor-widget-container\">\n\t\t\t\t\t\t\t<div class=\"elementor-image-gallery\">\n\t\t\t<div id='gallery-1' class='gallery galleryid-532 gallery-columns-3 gallery-size-medium'><figure class='gallery-item'>\n\t\t\t<div class='gallery-icon landscape'>\n\t\t\t\t<a data-elementor-open-lightbox=\"yes\" data-elementor-lightbox-slideshow=\"dfb272e\" data-elementor-lightbox-title=\"Chocolates y productos t\u00edpicos de Arag\u00f3n, frutas de Arag\u00f3n NAKOA\" data-elementor-lightbox-description=\"Chocolates y productos t\u00edpicos de Arag\u00f3n, frutas de Arag\u00f3n NAKOA\" data-e-action-hash=\"#elementor-action%3Aaction%3Dlightbox%26settings%3DeyJpZCI6NTM0LCJ1cmwiOiJodHRwczpcL1wvYWRyaWFuc2VkaWxlcy5lc1wvd3AtY29udGVudFwvdXBsb2Fkc1wvMjAyMFwvMDRcL05ha29hLUFkcmlhbi1TZWRpbGVzLUVtYmkuanBnIiwic2xpZGVzaG93IjoiZGZiMjcyZSJ9\" href='https:\/\/adriansediles.es\/wp-content\/uploads\/2020\/04\/Nakoa-Adrian-Sediles-Embi.jpg'><img fetchpriority=\"high\" decoding=\"async\" width=\"300\" height=\"191\" src=\"https:\/\/adriansediles.es\/wp-content\/uploads\/2020\/04\/Nakoa-Adrian-Sediles-Embi-300x191.jpg\" class=\"attachment-medium size-medium\" alt=\"Chocolates y productos t\u00edpicos de Arag\u00f3n, frutas de Arag\u00f3n NAKOA\" aria-describedby=\"gallery-1-534\" srcset=\"https:\/\/adriansediles.es\/wp-content\/uploads\/2020\/04\/Nakoa-Adrian-Sediles-Embi-300x191.jpg 300w, https:\/\/adriansediles.es\/wp-content\/uploads\/2020\/04\/Nakoa-Adrian-Sediles-Embi.jpg 680w\" sizes=\"(max-width: 300px) 100vw, 300px\" \/><\/a>\n\t\t\t<\/div>\n\t\t\t\t<figcaption class='wp-caption-text gallery-caption' id='gallery-1-534'>\n\t\t\t\tChocolates y productos t\u00edpicos de Arag\u00f3n, frutas de Arag\u00f3n NAKOA\n\t\t\t\t<\/figcaption><\/figure><figure class='gallery-item'>\n\t\t\t<div class='gallery-icon landscape'>\n\t\t\t\t<a data-elementor-open-lightbox=\"yes\" data-elementor-lightbox-slideshow=\"dfb272e\" data-elementor-lightbox-title=\"Chocolates y productos t\u00edpicos de Arag\u00f3n, frutas de Arag\u00f3n NAKOA\" data-elementor-lightbox-description=\"Chocolates y productos t\u00edpicos de Arag\u00f3n, frutas de Arag\u00f3n NAKOA\" data-e-action-hash=\"#elementor-action%3Aaction%3Dlightbox%26settings%3DeyJpZCI6NTM1LCJ1cmwiOiJodHRwczpcL1wvYWRyaWFuc2VkaWxlcy5lc1wvd3AtY29udGVudFwvdXBsb2Fkc1wvMjAyMFwvMDRcL05ha29hLTItQWRyaWFuLVNlZGlsZXMtRW1iaS0xLmpwZyIsInNsaWRlc2hvdyI6ImRmYjI3MmUifQ%3D%3D\" href='https:\/\/adriansediles.es\/wp-content\/uploads\/2020\/04\/Nakoa-2-Adrian-Sediles-Embi-1.jpg'><img decoding=\"async\" width=\"300\" height=\"183\" src=\"https:\/\/adriansediles.es\/wp-content\/uploads\/2020\/04\/Nakoa-2-Adrian-Sediles-Embi-1-300x183.jpg\" class=\"attachment-medium size-medium\" alt=\"Chocolates y productos t\u00edpicos de Arag\u00f3n, frutas de Arag\u00f3n NAKOA\" aria-describedby=\"gallery-1-535\" srcset=\"https:\/\/adriansediles.es\/wp-content\/uploads\/2020\/04\/Nakoa-2-Adrian-Sediles-Embi-1-300x183.jpg 300w, https:\/\/adriansediles.es\/wp-content\/uploads\/2020\/04\/Nakoa-2-Adrian-Sediles-Embi-1.jpg 680w\" sizes=\"(max-width: 300px) 100vw, 300px\" \/><\/a>\n\t\t\t<\/div>\n\t\t\t\t<figcaption class='wp-caption-text gallery-caption' id='gallery-1-535'>\n\t\t\t\tChocolates y productos t\u00edpicos de Arag\u00f3n, frutas de Arag\u00f3n NAKOA\n\t\t\t\t<\/figcaption><\/figure><figure class='gallery-item'>\n\t\t\t<div class='gallery-icon landscape'>\n\t\t\t\t<a data-elementor-open-lightbox=\"yes\" data-elementor-lightbox-slideshow=\"dfb272e\" data-elementor-lightbox-title=\"Chocolates y productos t\u00edpicos de Arag\u00f3n, frutas de Arag\u00f3n NAKOA\" data-elementor-lightbox-description=\"Chocolates y productos t\u00edpicos de Arag\u00f3n, frutas de Arag\u00f3n NAKOA\" data-e-action-hash=\"#elementor-action%3Aaction%3Dlightbox%26settings%3DeyJpZCI6NTM2LCJ1cmwiOiJodHRwczpcL1wvYWRyaWFuc2VkaWxlcy5lc1wvd3AtY29udGVudFwvdXBsb2Fkc1wvMjAyMFwvMDRcL05ha29hLTMtQWRyaWFuLVNlZGlsZXMtRW1iaS5qcGciLCJzbGlkZXNob3ciOiJkZmIyNzJlIn0%3D\" href='https:\/\/adriansediles.es\/wp-content\/uploads\/2020\/04\/Nakoa-3-Adrian-Sediles-Embi.jpg'><img decoding=\"async\" width=\"300\" height=\"200\" src=\"https:\/\/adriansediles.es\/wp-content\/uploads\/2020\/04\/Nakoa-3-Adrian-Sediles-Embi-300x200.jpg\" class=\"attachment-medium size-medium\" alt=\"Chocolates y productos t\u00edpicos de Arag\u00f3n, frutas de Arag\u00f3n NAKOA\" aria-describedby=\"gallery-1-536\" srcset=\"https:\/\/adriansediles.es\/wp-content\/uploads\/2020\/04\/Nakoa-3-Adrian-Sediles-Embi-300x200.jpg 300w, https:\/\/adriansediles.es\/wp-content\/uploads\/2020\/04\/Nakoa-3-Adrian-Sediles-Embi-666x444.jpg 666w, https:\/\/adriansediles.es\/wp-content\/uploads\/2020\/04\/Nakoa-3-Adrian-Sediles-Embi.jpg 680w\" sizes=\"(max-width: 300px) 100vw, 300px\" \/><\/a>\n\t\t\t<\/div>\n\t\t\t\t<figcaption class='wp-caption-text gallery-caption' id='gallery-1-536'>\n\t\t\t\tChocolates y productos t\u00edpicos de Arag\u00f3n, frutas de Arag\u00f3n NAKOA\n\t\t\t\t<\/figcaption><\/figure><figure class='gallery-item'>\n\t\t\t<div class='gallery-icon landscape'>\n\t\t\t\t<a data-elementor-open-lightbox=\"yes\" data-elementor-lightbox-slideshow=\"dfb272e\" data-elementor-lightbox-title=\"Chocolates y productos t\u00edpicos de Arag\u00f3n, frutas de Arag\u00f3n NAKOA\" data-elementor-lightbox-description=\"Chocolates y productos t\u00edpicos de Arag\u00f3n, frutas de Arag\u00f3n NAKOA\" data-e-action-hash=\"#elementor-action%3Aaction%3Dlightbox%26settings%3DeyJpZCI6NTM3LCJ1cmwiOiJodHRwczpcL1wvYWRyaWFuc2VkaWxlcy5lc1wvd3AtY29udGVudFwvdXBsb2Fkc1wvMjAyMFwvMDRcL05ha29hLTQtQWRyaWFuLVNlZGlsZXMtRW1iaS5qcGciLCJzbGlkZXNob3ciOiJkZmIyNzJlIn0%3D\" href='https:\/\/adriansediles.es\/wp-content\/uploads\/2020\/04\/Nakoa-4-Adrian-Sediles-Embi.jpg'><img loading=\"lazy\" decoding=\"async\" width=\"300\" height=\"200\" src=\"https:\/\/adriansediles.es\/wp-content\/uploads\/2020\/04\/Nakoa-4-Adrian-Sediles-Embi-300x200.jpg\" class=\"attachment-medium size-medium\" alt=\"Chocolates y productos t\u00edpicos de Arag\u00f3n, frutas de Arag\u00f3n NAKOA\" aria-describedby=\"gallery-1-537\" srcset=\"https:\/\/adriansediles.es\/wp-content\/uploads\/2020\/04\/Nakoa-4-Adrian-Sediles-Embi-300x200.jpg 300w, https:\/\/adriansediles.es\/wp-content\/uploads\/2020\/04\/Nakoa-4-Adrian-Sediles-Embi-666x444.jpg 666w, https:\/\/adriansediles.es\/wp-content\/uploads\/2020\/04\/Nakoa-4-Adrian-Sediles-Embi.jpg 680w\" sizes=\"(max-width: 300px) 100vw, 300px\" \/><\/a>\n\t\t\t<\/div>\n\t\t\t\t<figcaption class='wp-caption-text gallery-caption' id='gallery-1-537'>\n\t\t\t\tChocolates y productos t\u00edpicos de Arag\u00f3n, frutas de Arag\u00f3n NAKOA\n\t\t\t\t<\/figcaption><\/figure><figure class='gallery-item'>\n\t\t\t<div class='gallery-icon landscape'>\n\t\t\t\t<a data-elementor-open-lightbox=\"yes\" data-elementor-lightbox-slideshow=\"dfb272e\" data-elementor-lightbox-title=\"Chocolates y productos t\u00edpicos de Arag\u00f3n, frutas de Arag\u00f3n NAKOA\" data-elementor-lightbox-description=\"Chocolates y productos t\u00edpicos de Arag\u00f3n, frutas de Arag\u00f3n NAKOA\" data-e-action-hash=\"#elementor-action%3Aaction%3Dlightbox%26settings%3DeyJpZCI6NTM4LCJ1cmwiOiJodHRwczpcL1wvYWRyaWFuc2VkaWxlcy5lc1wvd3AtY29udGVudFwvdXBsb2Fkc1wvMjAyMFwvMDRcL05ha29hLTUtQWRyaWFuLVNlZGlsZXMtRW1iaS5qcGciLCJzbGlkZXNob3ciOiJkZmIyNzJlIn0%3D\" href='https:\/\/adriansediles.es\/wp-content\/uploads\/2020\/04\/Nakoa-5-Adrian-Sediles-Embi.jpg'><img loading=\"lazy\" decoding=\"async\" width=\"300\" height=\"200\" src=\"https:\/\/adriansediles.es\/wp-content\/uploads\/2020\/04\/Nakoa-5-Adrian-Sediles-Embi-300x200.jpg\" class=\"attachment-medium size-medium\" alt=\"Chocolates y productos t\u00edpicos de Arag\u00f3n, frutas de Arag\u00f3n NAKOA\" aria-describedby=\"gallery-1-538\" srcset=\"https:\/\/adriansediles.es\/wp-content\/uploads\/2020\/04\/Nakoa-5-Adrian-Sediles-Embi-300x200.jpg 300w, https:\/\/adriansediles.es\/wp-content\/uploads\/2020\/04\/Nakoa-5-Adrian-Sediles-Embi-666x444.jpg 666w, https:\/\/adriansediles.es\/wp-content\/uploads\/2020\/04\/Nakoa-5-Adrian-Sediles-Embi.jpg 680w\" sizes=\"(max-width: 300px) 100vw, 300px\" \/><\/a>\n\t\t\t<\/div>\n\t\t\t\t<figcaption class='wp-caption-text gallery-caption' id='gallery-1-538'>\n\t\t\t\tChocolates y productos t\u00edpicos de Arag\u00f3n, frutas de Arag\u00f3n NAKOA\n\t\t\t\t<\/figcaption><\/figure><figure class='gallery-item'>\n\t\t\t<div class='gallery-icon landscape'>\n\t\t\t\t<a data-elementor-open-lightbox=\"yes\" data-elementor-lightbox-slideshow=\"dfb272e\" data-elementor-lightbox-title=\"Chocolates y productos t\u00edpicos de Arag\u00f3n, frutas de Arag\u00f3n NAKOA\" data-elementor-lightbox-description=\"Chocolates y productos t\u00edpicos de Arag\u00f3n, frutas de Arag\u00f3n NAKOA\" data-e-action-hash=\"#elementor-action%3Aaction%3Dlightbox%26settings%3DeyJpZCI6NTM5LCJ1cmwiOiJodHRwczpcL1wvYWRyaWFuc2VkaWxlcy5lc1wvd3AtY29udGVudFwvdXBsb2Fkc1wvMjAyMFwvMDRcL05ha29hLTYtQWRyaWFuLVNlZGlsZXMtRW1iaS5qcGciLCJzbGlkZXNob3ciOiJkZmIyNzJlIn0%3D\" href='https:\/\/adriansediles.es\/wp-content\/uploads\/2020\/04\/Nakoa-6-Adrian-Sediles-Embi.jpg'><img loading=\"lazy\" decoding=\"async\" width=\"300\" height=\"200\" src=\"https:\/\/adriansediles.es\/wp-content\/uploads\/2020\/04\/Nakoa-6-Adrian-Sediles-Embi-300x200.jpg\" class=\"attachment-medium size-medium\" alt=\"Chocolates y productos t\u00edpicos de Arag\u00f3n, frutas de Arag\u00f3n NAKOA\" aria-describedby=\"gallery-1-539\" srcset=\"https:\/\/adriansediles.es\/wp-content\/uploads\/2020\/04\/Nakoa-6-Adrian-Sediles-Embi-300x200.jpg 300w, https:\/\/adriansediles.es\/wp-content\/uploads\/2020\/04\/Nakoa-6-Adrian-Sediles-Embi-666x444.jpg 666w, https:\/\/adriansediles.es\/wp-content\/uploads\/2020\/04\/Nakoa-6-Adrian-Sediles-Embi.jpg 680w\" sizes=\"(max-width: 300px) 100vw, 300px\" \/><\/a>\n\t\t\t<\/div>\n\t\t\t\t<figcaption class='wp-caption-text gallery-caption' id='gallery-1-539'>\n\t\t\t\tChocolates y productos t\u00edpicos de Arag\u00f3n, frutas de Arag\u00f3n NAKOA\n\t\t\t\t<\/figcaption><\/figure><figure class='gallery-item'>\n\t\t\t<div class='gallery-icon landscape'>\n\t\t\t\t<a data-elementor-open-lightbox=\"yes\" data-elementor-lightbox-slideshow=\"dfb272e\" data-elementor-lightbox-title=\"Chocolates y productos t\u00edpicos de Arag\u00f3n, frutas de Arag\u00f3n NAKOA\" data-elementor-lightbox-description=\"Chocolates y productos t\u00edpicos de Arag\u00f3n, frutas de Arag\u00f3n NAKOA\" data-e-action-hash=\"#elementor-action%3Aaction%3Dlightbox%26settings%3DeyJpZCI6NTQwLCJ1cmwiOiJodHRwczpcL1wvYWRyaWFuc2VkaWxlcy5lc1wvd3AtY29udGVudFwvdXBsb2Fkc1wvMjAyMFwvMDRcL05ha29hLTctQWRyaWFuLVNlZGlsZXMtRW1iaS5qcGciLCJzbGlkZXNob3ciOiJkZmIyNzJlIn0%3D\" href='https:\/\/adriansediles.es\/wp-content\/uploads\/2020\/04\/Nakoa-7-Adrian-Sediles-Embi.jpg'><img loading=\"lazy\" decoding=\"async\" width=\"300\" height=\"200\" src=\"https:\/\/adriansediles.es\/wp-content\/uploads\/2020\/04\/Nakoa-7-Adrian-Sediles-Embi-300x200.jpg\" class=\"attachment-medium size-medium\" alt=\"Chocolates y productos t\u00edpicos de Arag\u00f3n, frutas de Arag\u00f3n NAKOA\" aria-describedby=\"gallery-1-540\" srcset=\"https:\/\/adriansediles.es\/wp-content\/uploads\/2020\/04\/Nakoa-7-Adrian-Sediles-Embi-300x200.jpg 300w, https:\/\/adriansediles.es\/wp-content\/uploads\/2020\/04\/Nakoa-7-Adrian-Sediles-Embi-666x444.jpg 666w, https:\/\/adriansediles.es\/wp-content\/uploads\/2020\/04\/Nakoa-7-Adrian-Sediles-Embi.jpg 680w\" sizes=\"(max-width: 300px) 100vw, 300px\" \/><\/a>\n\t\t\t<\/div>\n\t\t\t\t<figcaption class='wp-caption-text gallery-caption' id='gallery-1-540'>\n\t\t\t\tChocolates y productos t\u00edpicos de Arag\u00f3n, frutas de Arag\u00f3n NAKOA\n\t\t\t\t<\/figcaption><\/figure><figure class='gallery-item'>\n\t\t\t<div class='gallery-icon landscape'>\n\t\t\t\t<a data-elementor-open-lightbox=\"yes\" data-elementor-lightbox-slideshow=\"dfb272e\" data-elementor-lightbox-title=\"Chocolates y productos t\u00edpicos de Arag\u00f3n, frutas de Arag\u00f3n NAKOA\" data-elementor-lightbox-description=\"Chocolates y productos t\u00edpicos de Arag\u00f3n, frutas de Arag\u00f3n NAKOA\" data-e-action-hash=\"#elementor-action%3Aaction%3Dlightbox%26settings%3DeyJpZCI6NTQxLCJ1cmwiOiJodHRwczpcL1wvYWRyaWFuc2VkaWxlcy5lc1wvd3AtY29udGVudFwvdXBsb2Fkc1wvMjAyMFwvMDRcL05ha29hLTgtQWRyaWFuLVNlZGlsZXMtRW1iaS5qcGciLCJzbGlkZXNob3ciOiJkZmIyNzJlIn0%3D\" href='https:\/\/adriansediles.es\/wp-content\/uploads\/2020\/04\/Nakoa-8-Adrian-Sediles-Embi.jpg'><img loading=\"lazy\" decoding=\"async\" width=\"300\" height=\"200\" src=\"https:\/\/adriansediles.es\/wp-content\/uploads\/2020\/04\/Nakoa-8-Adrian-Sediles-Embi-300x200.jpg\" class=\"attachment-medium size-medium\" alt=\"Chocolates y productos t\u00edpicos de Arag\u00f3n, frutas de Arag\u00f3n NAKOA\" aria-describedby=\"gallery-1-541\" srcset=\"https:\/\/adriansediles.es\/wp-content\/uploads\/2020\/04\/Nakoa-8-Adrian-Sediles-Embi-300x200.jpg 300w, https:\/\/adriansediles.es\/wp-content\/uploads\/2020\/04\/Nakoa-8-Adrian-Sediles-Embi-666x444.jpg 666w, https:\/\/adriansediles.es\/wp-content\/uploads\/2020\/04\/Nakoa-8-Adrian-Sediles-Embi.jpg 680w\" sizes=\"(max-width: 300px) 100vw, 300px\" \/><\/a>\n\t\t\t<\/div>\n\t\t\t\t<figcaption class='wp-caption-text gallery-caption' id='gallery-1-541'>\n\t\t\t\tChocolates y productos t\u00edpicos de Arag\u00f3n, frutas de Arag\u00f3n NAKOA\n\t\t\t\t<\/figcaption><\/figure><figure class='gallery-item'>\n\t\t\t<div class='gallery-icon landscape'>\n\t\t\t\t<a data-elementor-open-lightbox=\"yes\" data-elementor-lightbox-slideshow=\"dfb272e\" data-elementor-lightbox-title=\"Chocolates y productos t\u00edpicos de Arag\u00f3n, frutas de Arag\u00f3n NAKOA\" data-elementor-lightbox-description=\"Chocolates y productos t\u00edpicos de Arag\u00f3n, frutas de Arag\u00f3n NAKOA\" data-e-action-hash=\"#elementor-action%3Aaction%3Dlightbox%26settings%3DeyJpZCI6NTQyLCJ1cmwiOiJodHRwczpcL1wvYWRyaWFuc2VkaWxlcy5lc1wvd3AtY29udGVudFwvdXBsb2Fkc1wvMjAyMFwvMDRcL05ha29hLTktQWRyaWFuLVNlZGlsZXMtRW1iaS5qcGciLCJzbGlkZXNob3ciOiJkZmIyNzJlIn0%3D\" href='https:\/\/adriansediles.es\/wp-content\/uploads\/2020\/04\/Nakoa-9-Adrian-Sediles-Embi.jpg'><img loading=\"lazy\" decoding=\"async\" width=\"300\" height=\"200\" src=\"https:\/\/adriansediles.es\/wp-content\/uploads\/2020\/04\/Nakoa-9-Adrian-Sediles-Embi-300x200.jpg\" class=\"attachment-medium size-medium\" alt=\"Chocolates y productos t\u00edpicos de Arag\u00f3n, frutas de Arag\u00f3n NAKOA\" aria-describedby=\"gallery-1-542\" srcset=\"https:\/\/adriansediles.es\/wp-content\/uploads\/2020\/04\/Nakoa-9-Adrian-Sediles-Embi-300x200.jpg 300w, https:\/\/adriansediles.es\/wp-content\/uploads\/2020\/04\/Nakoa-9-Adrian-Sediles-Embi-666x444.jpg 666w, https:\/\/adriansediles.es\/wp-content\/uploads\/2020\/04\/Nakoa-9-Adrian-Sediles-Embi.jpg 680w\" sizes=\"(max-width: 300px) 100vw, 300px\" \/><\/a>\n\t\t\t<\/div>\n\t\t\t\t<figcaption class='wp-caption-text gallery-caption' id='gallery-1-542'>\n\t\t\t\tChocolates y productos t\u00edpicos de Arag\u00f3n, frutas de Arag\u00f3n NAKOA\n\t\t\t\t<\/figcaption><\/figure><figure class='gallery-item'>\n\t\t\t<div class='gallery-icon landscape'>\n\t\t\t\t<a data-elementor-open-lightbox=\"yes\" data-elementor-lightbox-slideshow=\"dfb272e\" data-elementor-lightbox-title=\"Chocolates y productos t\u00edpicos de Arag\u00f3n, frutas de Arag\u00f3n NAKOA\" data-elementor-lightbox-description=\"Chocolates y productos t\u00edpicos de Arag\u00f3n, frutas de Arag\u00f3n NAKOA\" data-e-action-hash=\"#elementor-action%3Aaction%3Dlightbox%26settings%3DeyJpZCI6NTQzLCJ1cmwiOiJodHRwczpcL1wvYWRyaWFuc2VkaWxlcy5lc1wvd3AtY29udGVudFwvdXBsb2Fkc1wvMjAyMFwvMDRcL05ha29hLTEwLUFkcmlhbi1TZWRpbGVzLUVtYmkuanBnIiwic2xpZGVzaG93IjoiZGZiMjcyZSJ9\" href='https:\/\/adriansediles.es\/wp-content\/uploads\/2020\/04\/Nakoa-10-Adrian-Sediles-Embi.jpg'><img loading=\"lazy\" decoding=\"async\" width=\"300\" height=\"200\" src=\"https:\/\/adriansediles.es\/wp-content\/uploads\/2020\/04\/Nakoa-10-Adrian-Sediles-Embi-300x200.jpg\" class=\"attachment-medium size-medium\" alt=\"Chocolates y productos t\u00edpicos de Arag\u00f3n, frutas de Arag\u00f3n NAKOA\" aria-describedby=\"gallery-1-543\" srcset=\"https:\/\/adriansediles.es\/wp-content\/uploads\/2020\/04\/Nakoa-10-Adrian-Sediles-Embi-300x200.jpg 300w, https:\/\/adriansediles.es\/wp-content\/uploads\/2020\/04\/Nakoa-10-Adrian-Sediles-Embi-666x444.jpg 666w, https:\/\/adriansediles.es\/wp-content\/uploads\/2020\/04\/Nakoa-10-Adrian-Sediles-Embi.jpg 680w\" sizes=\"(max-width: 300px) 100vw, 300px\" \/><\/a>\n\t\t\t<\/div>\n\t\t\t\t<figcaption class='wp-caption-text gallery-caption' id='gallery-1-543'>\n\t\t\t\tChocolates y productos t\u00edpicos de Arag\u00f3n, frutas de Arag\u00f3n NAKOA\n\t\t\t\t<\/figcaption><\/figure><figure class='gallery-item'>\n\t\t\t<div class='gallery-icon landscape'>\n\t\t\t\t<a data-elementor-open-lightbox=\"yes\" data-elementor-lightbox-slideshow=\"dfb272e\" data-elementor-lightbox-title=\"Chocolates y productos t\u00edpicos de Arag\u00f3n, frutas de Arag\u00f3n NAKOA\" data-elementor-lightbox-description=\"Chocolates y productos t\u00edpicos de Arag\u00f3n, frutas de Arag\u00f3n NAKOA\" data-e-action-hash=\"#elementor-action%3Aaction%3Dlightbox%26settings%3DeyJpZCI6NTQ0LCJ1cmwiOiJodHRwczpcL1wvYWRyaWFuc2VkaWxlcy5lc1wvd3AtY29udGVudFwvdXBsb2Fkc1wvMjAyMFwvMDRcL05ha29hLTExLUFkcmlhbi1TZWRpbGVzLUVtYmkuanBnIiwic2xpZGVzaG93IjoiZGZiMjcyZSJ9\" href='https:\/\/adriansediles.es\/wp-content\/uploads\/2020\/04\/Nakoa-11-Adrian-Sediles-Embi.jpg'><img loading=\"lazy\" decoding=\"async\" width=\"300\" height=\"200\" src=\"https:\/\/adriansediles.es\/wp-content\/uploads\/2020\/04\/Nakoa-11-Adrian-Sediles-Embi-300x200.jpg\" class=\"attachment-medium size-medium\" alt=\"Chocolates y productos t\u00edpicos de Arag\u00f3n, frutas de Arag\u00f3n NAKOA\" aria-describedby=\"gallery-1-544\" srcset=\"https:\/\/adriansediles.es\/wp-content\/uploads\/2020\/04\/Nakoa-11-Adrian-Sediles-Embi-300x200.jpg 300w, https:\/\/adriansediles.es\/wp-content\/uploads\/2020\/04\/Nakoa-11-Adrian-Sediles-Embi-666x444.jpg 666w, https:\/\/adriansediles.es\/wp-content\/uploads\/2020\/04\/Nakoa-11-Adrian-Sediles-Embi.jpg 680w\" sizes=\"(max-width: 300px) 100vw, 300px\" \/><\/a>\n\t\t\t<\/div>\n\t\t\t\t<figcaption class='wp-caption-text gallery-caption' id='gallery-1-544'>\n\t\t\t\tChocolates y productos t\u00edpicos de Arag\u00f3n, frutas de Arag\u00f3n NAKOA\n\t\t\t\t<\/figcaption><\/figure>\n\t\t<\/div>\n\t\t<\/div>\n\t\t\t\t\t\t<\/div>\n\t\t\t\t<\/div>\n\t\t\t\t\t<\/div>\n\t\t<\/div>\n\t\t\t\t\t<\/div>\n\t\t<\/section>\n\t\t\t\t<\/div>\n\t\t","protected":false},"excerpt":{"rendered":"<p>Chocolates y productos t\u00edpicos de Arag\u00f3n, frutas de Arag\u00f3n NAKOA Chocolates y productos t\u00edpicos de Arag\u00f3n, frutas de Arag\u00f3n NAKOA &hellip; <a href=\"https:\/\/adriansediles.es\/?page_id=532\" class=\"more-link\"><span class=\"more-button\">Seguir leyendo<span class=\"screen-reader-text\">Chocolates y productos t\u00edpicos de Arag\u00f3n, frutas de Arag\u00f3n NAKOA<\/span><\/span><\/a><\/p>\n","protected":false},"author":1,"featured_media":0,"parent":0,"menu_order":0,"comment_status":"closed","ping_status":"closed","template":"","meta":{"footnotes":""},"class_list":["post-532","page","type-page","status-publish","hentry"],"_links":{"self":[{"href":"https:\/\/adriansediles.es\/index.php?rest_route=\/wp\/v2\/pages\/532","targetHints":{"allow":["GET"]}}],"collection":[{"href":"https:\/\/adriansediles.es\/index.php?rest_route=\/wp\/v2\/pages"}],"about":[{"href":"https:\/\/adriansediles.es\/index.php?rest_route=\/wp\/v2\/types\/page"}],"author":[{"embeddable":true,"href":"https:\/\/adriansediles.es\/index.php?rest_route=\/wp\/v2\/users\/1"}],"replies":[{"embeddable":true,"href":"https:\/\/adriansediles.es\/index.php?rest_route=%2Fwp%2Fv2%2Fcomments&post=532"}],"version-history":[{"count":3,"href":"https:\/\/adriansediles.es\/index.php?rest_route=\/wp\/v2\/pages\/532\/revisions"}],"predecessor-version":[{"id":546,"href":"https:\/\/adriansediles.es\/index.php?rest_route=\/wp\/v2\/pages\/532\/revisions\/546"}],"wp:attachment":[{"href":"https:\/\/adriansediles.es\/index.php?rest_route=%2Fwp%2Fv2%2Fmedia&parent=532"}],"curies":[{"name":"wp","href":"https:\/\/api.w.org\/{rel}","templated":true}]}}